{"id":5702,"date":"2025-11-06T22:38:21","date_gmt":"2025-11-06T21:38:21","guid":{"rendered":"https:\/\/baer-wolf-luchs.agency-11.com\/?page_id=5702"},"modified":"2026-01-28T09:59:48","modified_gmt":"2026-01-28T08:59:48","slug":"impressum","status":"publish","type":"page","link":"https:\/\/baer-wolf-luchs.at\/en\/impressum\/","title":{"rendered":"imprint"},"content":{"rendered":"<h1>\n\t\t\timprint\t<\/h1>\n\t<h4><strong>Austrian Center for Bear, Wolf, Lynx<\/strong><\/h4>\nFalkenburg Trautenfelserstra\u00dfe 76\/1<br \/>\n8952 Irdning-Donnersbachtal, Austria<br \/>\nEmail: office@baer-wolf-luchs.at\n<p><strong>Purpose of the association:<\/strong>\u00a0The association, whose activities are not profit-oriented, aims to organize and coordinate the management of large predators such as bears, wolves, lynxes, and golden jackals in Austria. See also the\u00a0<a href=\"https:\/\/baer-wolf-luchs.at\/wp-content\/uploads\/2026\/01\/OeZ_Statuten_2023.pdf\">Statutes of the association<\/a>.<\/p>\n<h4>Legal information<\/h4>\nVertretungsberechtigt: Obmann &#8211; Ing. Erwin Stockhammer<br \/>\n<a href=\"https:\/\/baer-wolf-luchs.at\/en\/vorstand.htm\/\">Other board members<\/a>: Obmann Stv. &#8211; Mag. Daniel Leissing, Schriftf\u00fchrer &#8211; Dr. Martin Wildenberg, Kassier &#8211; DI Josef Wiesb\u00f6ck<br \/>\n<a href=\"https:\/\/baer-wolf-luchs.at\/en\/geschaeftsfuehrung.htm\/\">management<\/a>Dr. Albin Blaschka<br \/>\nRegistry Court: District Authority of Liezen<br \/>\nZVR number: 1822244074\n<p>Responsible for content: Dr. Albin Blaschka, Managing Director, Austrian Centre for Bear, Wolf, Lynx<\/p>\n\t<h4>Disclaimer<\/h4>\n<dl>\n<dt>1. Content of the online offer<\/dt>\n<dd>The author assumes no liability for the timeliness, accuracy, completeness, or quality of the information provided. Liability claims against the author relating to material or immaterial damages caused by the use or non-use of the information provided, or by the use of incorrect or incomplete information, are generally excluded, unless the author can be proven to have acted with intent or gross negligence. All offers are subject to change without notice and are non-binding. The author expressly reserves the right to change, supplement, or delete parts of the pages or the entire website without prior notice, or to temporarily or permanently discontinue publication.<\/dd>\n<dt>2. References and links<\/dt>\n<dd>In the case of direct or indirect references to external websites (links) that are outside the author&#039;s area of responsibility, liability would only apply if the author had knowledge of the content and it was technically possible and reasonable for them to prevent its use in the case of illegal content. The author hereby expressly declares that no illegal content was identifiable on the linked pages at the time the links were created. The author has no influence whatsoever on the current and future design, content, or authorship of the linked pages. Therefore, the author expressly distances themselves from all content on all linked pages that were changed after the links were created. This statement applies to all links and references within the author&#039;s own website as well as to entries made by third parties in guestbooks, discussion forums, and mailing lists set up by the author. The provider of the linked page is solely liable for illegal, incorrect or incomplete content and in particular for damages resulting from the use or non-use of such information, not the person who merely provides links to the respective publication.<\/dd>\n<dt>3. Copyright and Trademark Law<\/dt>\n<dd>The author strives to respect the copyrights of all graphics, audio recordings, video sequences, and texts used in all publications, to use graphics, audio recordings, video sequences, and texts created by the author, or to utilize royalty-free graphics, audio recordings, video sequences, and texts. All trademarks and brands mentioned within this website and possibly protected by third parties are subject without restriction to the provisions of the applicable trademark law and the ownership rights of the respective registered owners. The mere mention of a trademark does not imply that it is not protected by third-party rights! The copyright for published material created by the author remains solely with the author of the pages. Reproduction or use of such graphics, audio recordings, video sequences, and texts in other electronic or printed publications is not permitted without the author&#039;s express consent.<\/dd>\n<dt>4. Data protection<\/dt>\n<dd>Sofern innerhalb des Internetangebotes die M\u00f6glichkeit zur Eingabe pers\u00f6nlicher oder gesch\u00e4ftlicher Daten (Emailadressen, Namen, Anschriften) besteht, so erfolgt die Preisgabe dieser Daten seitens des Nutzers auf ausdr\u00fccklich freiwilliger Basis. Die Inanspruchnahme und Bezahlung aller angebotenen Dienste ist &#8211; soweit technisch m\u00f6glich und zumutbar &#8211; auch ohne Angabe solcher Daten bzw. unter Angabe anonymisierter Daten oder eines Pseudonyms gestattet.<\/dd>\n<dt>5. Legal validity of this disclaimer<\/dt>\n<dd>This disclaimer is to be regarded as part of the internet publication from which you were referred to this page. If sections or individual terms of this statement are not legal or correct, the content or validity of the other parts remain unaffected.<\/dd>\n<\/dl>","protected":false},"excerpt":{"rendered":"<p>Impressum \u00d6sterreichzentrum B\u00e4r, Wolf, Luchs Falkenburg Trautenfelserstra\u00dfe 76\/1 8952 Irdning-Donnersbachtal, \u00d6sterreich E-Mail: office@baer-wolf-luchs.at Vereinszweck:\u00a0Der Verein, dessen T\u00e4tigkeit nicht auf Gewinn gerichtet ist, bezweckt die Organisation und Koordination des Managements der gro\u00dfen Beutegreifer B\u00e4r, Wolf, Luchs und Goldschakal in \u00d6sterreich. Siehe auch die\u00a0Statuten des Vereines. Rechtliche Angaben Vertretungsberechtigt: Obmann &#8211; Ing. Erwin Stockhammer Weitere Vorstandsmitglieder: Obmann &#8230; <a title=\"imprint\" class=\"read-more\" href=\"https:\/\/baer-wolf-luchs.at\/en\/impressum\/\" aria-label=\"Read more about Impressum\">Read more<\/a><\/p>","protected":false},"author":6,"featured_media":0,"parent":0,"menu_order":0,"comment_status":"closed","ping_status":"closed","template":"","meta":{"footnotes":""},"class_list":["post-5702","page","type-page","status-publish"],"_links":{"self":[{"href":"https:\/\/baer-wolf-luchs.at\/en\/wp-json\/wp\/v2\/pages\/5702","targetHints":{"allow":["GET"]}}],"collection":[{"href":"https:\/\/baer-wolf-luchs.at\/en\/wp-json\/wp\/v2\/pages"}],"about":[{"href":"https:\/\/baer-wolf-luchs.at\/en\/wp-json\/wp\/v2\/types\/page"}],"author":[{"embeddable":true,"href":"https:\/\/baer-wolf-luchs.at\/en\/wp-json\/wp\/v2\/users\/6"}],"replies":[{"embeddable":true,"href":"https:\/\/baer-wolf-luchs.at\/en\/wp-json\/wp\/v2\/comments?post=5702"}],"version-history":[{"count":3,"href":"https:\/\/baer-wolf-luchs.at\/en\/wp-json\/wp\/v2\/pages\/5702\/revisions"}],"predecessor-version":[{"id":5742,"href":"https:\/\/baer-wolf-luchs.at\/en\/wp-json\/wp\/v2\/pages\/5702\/revisions\/5742"}],"wp:attachment":[{"href":"https:\/\/baer-wolf-luchs.at\/en\/wp-json\/wp\/v2\/media?parent=5702"}],"curies":[{"name":"wp","href":"https:\/\/api.w.org\/{rel}","templated":true}]}}