{"id":5477,"date":"2025-01-20T13:13:47","date_gmt":"2025-01-20T12:13:47","guid":{"rendered":"https:\/\/baer-wolf-luchs.agency-11.com\/?page_id=5477"},"modified":"2026-01-28T09:45:14","modified_gmt":"2026-01-28T08:45:14","slug":"links-zum-thema-herdenschutz","status":"publish","type":"page","link":"https:\/\/baer-wolf-luchs.at\/en\/herdenschutz\/links-zum-thema-herdenschutz\/","title":{"rendered":"Links on the topic of herd protection"},"content":{"rendered":"<h1  id=\"subpage_title\">\n\t\t\tWITH COMPETENCE\t<\/h1>\n\t<h4>The state of Tyrol<\/h4>\n<p><a href=\"https:\/\/www.tirol.gv.at\/landwirtschaft-forstwirtschaft\/agrar\/rechtliche-bestimmungen-in-der-landwirtschaft\/beutegreifer\/herdenschutz\" target=\"_blank\" rel=\"noopener\">https:\/\/www.tirol.gv.at\/landwirtschaft-forstwirtschaft\/agrar\/rechtliche-bestimmungen-in-der-landwirtschaft\/beutegreifer\/herdenschutz<\/a><\/p>\n\t<h4>state of Vorarlberg<\/h4>\n<p><a href=\"https:\/\/vorarlberg.at\/-\/herdenschutz\" target=\"_blank\" rel=\"noopener\">https:\/\/vorarlberg.at\/-\/herdenschutz<\/a><\/p>\n\t<h4>Carnivore Damage Prevention News (CDPNews) is a newsletter that focuses on the complex challenges of coexistence between large carnivores and human activities.<\/h4>\n<p><a href=\"https:\/\/cdpnews.net\/\" target=\"_blank\" rel=\"noopener\">https:\/\/cdpnews.net\/<\/a><\/p>\n\t<h4>Brochures from AGRIDEA (Switzerland):<br \/>\nSafe overnight accommodation for herded small livestock:<\/h4>\n<p><a href=\"https:\/\/www.protectiondestroupeaux.ch\/fileadmin\/doc\/Herdenschutzmassnahmen\/Z%C3%A4une\/3556__D__21_WEB_Nachtplatz_Kleinviehherden.pdf\" target=\"_blank\" rel=\"noopener\">https:\/\/www.protectiondestroupeaux.ch\/fileadmin\/doc\/Herdenschutzmassnahmen\/Z%C3%A4une\/3556__D__21_WEB_Nachtplatz_Kleinviehherden.pdf<\/a><\/p>\n\t<h4>Protection from wolves on cattle pastures:<\/h4>\n<p><a href=\"https:\/\/www.protectiondestroupeaux.ch\/fileadmin\/doc\/Actualit%C3%A9s\/weitere_Downloads\/2640_3_D_21_WEB_Herdenschutzmassnahmen_fuer_Rindvieh.pdf\" target=\"_blank\" rel=\"noopener\">https:\/\/www.protectiondestroupeaux.ch\/fileadmin\/doc\/Actualit%C3%A9s\/weitere_Downloads\/2640_3_D_21_WEB_Herdenschutzmassnahmen_fuer_Rindvieh.pdf<\/a><\/p>","protected":false},"excerpt":{"rendered":"<p>MIT KOMPETENZ Das Land Tirol https:\/\/www.tirol.gv.at\/landwirtschaft-forstwirtschaft\/agrar\/rechtliche-bestimmungen-in-der-landwirtschaft\/beutegreifer\/herdenschutz Land Vorarlberg https:\/\/vorarlberg.at\/-\/herdenschutz Carnivore Damage Prevention News (CDPNews) ist ein Newsletter, der sich auf die komplexen Herausforderungen des Zusammenlebens von gro\u00dfen Beutegreifern und menschlichen T\u00e4tigkeiten konzentriert. https:\/\/cdpnews.net\/ Brosch\u00fcren der AGRIDEA (Schweiz): Sichere \u00dcbernachtungspl\u00e4tze f\u00fcr behirtete Kleinviehherden: https:\/\/www.protectiondestroupeaux.ch\/fileadmin\/doc\/Herdenschutzmassnahmen\/Z%C3%A4une\/3556__D__21_WEB_Nachtplatz_Kleinviehherden.pdf Schutz vor dem Wolf auf Rindviehweiden: https:\/\/www.protectiondestroupeaux.ch\/fileadmin\/doc\/Actualit%C3%A9s\/weitere_Downloads\/2640_3_D_21_WEB_Herdenschutzmassnahmen_fuer_Rindvieh.pdf<\/p>","protected":false},"author":6,"featured_media":0,"parent":4677,"menu_order":0,"comment_status":"closed","ping_status":"closed","template":"","meta":{"footnotes":""},"class_list":["post-5477","page","type-page","status-publish"],"_links":{"self":[{"href":"https:\/\/baer-wolf-luchs.at\/en\/wp-json\/wp\/v2\/pages\/5477","targetHints":{"allow":["GET"]}}],"collection":[{"href":"https:\/\/baer-wolf-luchs.at\/en\/wp-json\/wp\/v2\/pages"}],"about":[{"href":"https:\/\/baer-wolf-luchs.at\/en\/wp-json\/wp\/v2\/types\/page"}],"author":[{"embeddable":true,"href":"https:\/\/baer-wolf-luchs.at\/en\/wp-json\/wp\/v2\/users\/6"}],"replies":[{"embeddable":true,"href":"https:\/\/baer-wolf-luchs.at\/en\/wp-json\/wp\/v2\/comments?post=5477"}],"version-history":[{"count":2,"href":"https:\/\/baer-wolf-luchs.at\/en\/wp-json\/wp\/v2\/pages\/5477\/revisions"}],"predecessor-version":[{"id":5736,"href":"https:\/\/baer-wolf-luchs.at\/en\/wp-json\/wp\/v2\/pages\/5477\/revisions\/5736"}],"up":[{"embeddable":true,"href":"https:\/\/baer-wolf-luchs.at\/en\/wp-json\/wp\/v2\/pages\/4677"}],"wp:attachment":[{"href":"https:\/\/baer-wolf-luchs.at\/en\/wp-json\/wp\/v2\/media?parent=5477"}],"curies":[{"name":"wp","href":"https:\/\/api.w.org\/{rel}","templated":true}]}}