{"id":5456,"date":"2025-01-20T12:54:27","date_gmt":"2025-01-20T11:54:27","guid":{"rendered":"https:\/\/baer-wolf-luchs.agency-11.com\/?page_id=5456"},"modified":"2025-11-18T17:33:24","modified_gmt":"2025-11-18T16:33:24","slug":"herdenschutzhunde","status":"publish","type":"page","link":"https:\/\/baer-wolf-luchs.at\/en\/herdenschutz\/herdenschutzhunde\/","title":{"rendered":"livestock guardian dogs"},"content":{"rendered":"<h1  id=\"subpage_title\">\n\t\t\tWITH COMPETENCE\t<\/h1>\n\t<h3>protection and defense<\/h3>\n\t<p>These include dog breeds that are bred and trained to protect and defend (from predators, stray dogs) the herd entrusted to them. They are permanent members of their herd, spend day and night with them and work independently, without direct commands. A herd protection dog is bred to live outdoors with its herd, to move with it and to protect it. To this day, dogs that are used in this way are selected by shepherds based on their physical appearance, their behavior as puppies and their work performance.<\/p>\n\t\t\t\t<a href=\"https:\/\/baer-wolf-luchs.at\/wp-content\/uploads\/2025\/01\/HSH_Gruppe_Schafe_1200x900_7270058-1-768x576-1.jpg\"  target=\"_self\" itemprop=\"url\">\n\t\t\t\t<img decoding=\"async\" src=\"https:\/\/baer-wolf-luchs.at\/wp-content\/uploads\/2025\/01\/HSH_Gruppe_Schafe_1200x900_7270058-1-768x576-1.jpg\" alt=\"HSH_Gruppe_Schafe_1200x900_7270058-1-768x576\" itemprop=\"image\" height=\"576\" width=\"768\" title=\"HSH_Group_Sheep_1200x900_7270058-1-768x576\" onerror=\"this.style.display='none'\" loading=\"lazy\" \/>\n\t\t\t\t<\/a>\n\t\t\t\t<a href=\"https:\/\/baer-wolf-luchs.at\/wp-content\/uploads\/2025\/01\/HSH_Schaf_1200x900-1-768x576-1.jpg\"  target=\"_self\" itemprop=\"url\">\n\t\t\t\t<img decoding=\"async\" src=\"https:\/\/baer-wolf-luchs.at\/wp-content\/uploads\/2025\/01\/HSH_Schaf_1200x900-1-768x576-1.jpg\" alt=\"HSH_Schaf_1200x900-1-768x576\" itemprop=\"image\" height=\"576\" width=\"768\" title=\"HSH_Schaf_1200x900-1-768x576\" onerror=\"this.style.display='none'\" loading=\"lazy\" \/>\n\t\t\t\t<\/a>\n\t\t\t\t<a href=\"https:\/\/baer-wolf-luchs.at\/wp-content\/uploads\/2025\/01\/HSH_1200x900_7270051-768x576-1.jpg\"  target=\"_self\" itemprop=\"url\">\n\t\t\t\t<img decoding=\"async\" src=\"https:\/\/baer-wolf-luchs.at\/wp-content\/uploads\/2025\/01\/HSH_1200x900_7270051-768x576-1.jpg\" alt=\"HSH_1200x900_7270051-768x576\" itemprop=\"image\" height=\"576\" width=\"768\" title=\"HSH_1200x900_7270051-768x576\" onerror=\"this.style.display='none'\" loading=\"lazy\" \/>\n\t\t\t\t<\/a>\n\t<p>The nature of the livestock guardian dog is characterized by reliability, vigilance and protective behavior towards its grazing animals, thus preventing or reducing losses of grazing animals. In order to ensure that predators and grazing livestock live together, livestock guardian dogs are, alongside other livestock protection measures and technical tools, a proven method of protecting livestock from dangers posed by wild animals.<\/p>\n<p>When it comes to livestock guarding dogs, it is important to remember that their purpose is to protect their livestock from danger. In order to minimize or completely avoid conflicts with land users in the countryside, the legislator provides for\u00a0<a href=\"https:\/\/www.ris.bka.gv.at\/GeltendeFassung.wxe?Abfrage=Bundesnormen&amp;Gesetzesnummer=20003860\">2nd Animal Keeping Ordinance<\/a>\u00a0stipulates that dogs used with livestock must be certified by the Austrian Bear, Wolf and Lynx Centre in cooperation with the federal states.<\/p>\n<p>The certification includes both the dog and all people who work with the dog. They must show that they can support the dog in various situations by understanding its needs and behavior and responding accordingly. The examiners are experts in the field of dogs commissioned by the \u00d6Z.<\/p>\n\t<p><strong>Overview of certification content:<\/strong><\/p>\n<p><strong>Beziehung Hund &#8211; Hundehalter, Hund am Hof\/zivilisatorisches Umfeld:<\/strong><\/p>\n<ul>\n<li>Handling the dog, trainability, behaviour in stressful situations in familiar and unfamiliar surroundings, also away from the herd.<\/li>\n<li>Dog allows itself to be attacked (mouth, paw, fur check), loaded into car\/trailer<\/li>\n<\/ul>\n<p><strong>Verhalten gegen\u00fcber Fremden &#8211; Mensch und Tier:<\/strong><\/p>\n<ul>\n<li>Encounter with hikers, cyclists, individual passers-by, other dogs, both in the herd and away in villages\/built-up areas<\/li>\n<li>At no time may the dog show aggressive behavior<\/li>\n<\/ul>\n<p><strong>Hund &#8211; Herde:<\/strong><\/p>\n<ul>\n<li><strong>checking herd loyalty<\/strong>, with and without distraction.<\/li>\n<li><strong>Hund &#8211; andere Hunde im Arbeitsumfeld<\/strong>, behavior towards other livestock guardian and herding dogs, ability to work in a team<\/li>\n<li>When dealing with the herd, strangers should be perceived as a normal part of the environment<\/li>\n<\/ul>\n\t<p>The complete guideline with all information and content on certification is available at\u00a0<a href=\"https:\/\/baer-wolf-luchs.at\/en\/info\/publikationen-des-oez\/\" target=\"_blank\" rel=\"noopener\">Publications of the \u00d6Z<\/a>\u00a0available for download. The document\u00a0<a href=\"https:\/\/baer-wolf-luchs.at\/wp-content\/uploads\/2024\/07\/OeZ_Checkliste_Zertifizierung_HSH.pdf\">OeZ_Checklist_Certification_HSH<\/a>\u00a0serves as a guide for farmers who want to register a livestock guardian dog for certification.<\/p>\n<p>A brochure with lots of information about livestock guardian dogs, their attitude, their working methods, history and breeding is available at\u00a0<a href=\"https:\/\/baer-wolf-luchs.at\/wp-content\/uploads\/2024\/07\/LSP_Herdenschutzhunde_Aufzucht_Einsatz.pdf\">LSP_Livestock_Protection_Dogs_Breeding_Deployment<\/a>\u00a0available as PDF.<\/p>\n\t<h3>Practical knowledge about livestock guardian dogs<\/h3>\n\t\t<iframe loading=\"lazy\" title=\"Races\" width=\"1200\" height=\"675\" src=\"https:\/\/www.youtube.com\/embed\/Imtf16JPYF8?feature=oembed\" frameborder=\"0\" allow=\"accelerometer; autoplay; clipboard-write; encrypted-media; gyroscope; picture-in-picture; web-share\" referrerpolicy=\"strict-origin-when-cross-origin\" allowfullscreen><\/iframe>\t\n\t\t<iframe loading=\"lazy\" title=\"acquisition\" width=\"1200\" height=\"675\" src=\"https:\/\/www.youtube.com\/embed\/Pqm1bmu9sXU?feature=oembed\" frameborder=\"0\" allow=\"accelerometer; autoplay; clipboard-write; encrypted-media; gyroscope; picture-in-picture; web-share\" referrerpolicy=\"strict-origin-when-cross-origin\" allowfullscreen><\/iframe>\t\n\t\t<iframe loading=\"lazy\" title=\"Behavior and working methods\" width=\"1200\" height=\"675\" src=\"https:\/\/www.youtube.com\/embed\/qg6SD4WmGZ4?feature=oembed\" frameborder=\"0\" allow=\"accelerometer; autoplay; clipboard-write; encrypted-media; gyroscope; picture-in-picture; web-share\" referrerpolicy=\"strict-origin-when-cross-origin\" allowfullscreen><\/iframe>\t\n\t\t<iframe loading=\"lazy\" title=\"Conflict management\" width=\"1200\" height=\"675\" src=\"https:\/\/www.youtube.com\/embed\/UxjH-jyIb90?feature=oembed\" frameborder=\"0\" allow=\"accelerometer; autoplay; clipboard-write; encrypted-media; gyroscope; picture-in-picture; web-share\" referrerpolicy=\"strict-origin-when-cross-origin\" allowfullscreen><\/iframe>\t\n\t\t<iframe loading=\"lazy\" title=\"Training and breeding\" width=\"1200\" height=\"675\" src=\"https:\/\/www.youtube.com\/embed\/nr4h33SGCMc?feature=oembed\" frameborder=\"0\" allow=\"accelerometer; autoplay; clipboard-write; encrypted-media; gyroscope; picture-in-picture; web-share\" referrerpolicy=\"strict-origin-when-cross-origin\" allowfullscreen><\/iframe>\t\n\t\t<iframe loading=\"lazy\" title=\"Certification\" width=\"1200\" height=\"675\" src=\"https:\/\/www.youtube.com\/embed\/wIupTrQsyA8?feature=oembed\" frameborder=\"0\" allow=\"accelerometer; autoplay; clipboard-write; encrypted-media; gyroscope; picture-in-picture; web-share\" referrerpolicy=\"strict-origin-when-cross-origin\" allowfullscreen><\/iframe>\t\n\t\t<iframe loading=\"lazy\" title=\"Health and well-being\" width=\"1200\" height=\"675\" src=\"https:\/\/www.youtube.com\/embed\/8szHowqwaNY?feature=oembed\" frameborder=\"0\" allow=\"accelerometer; autoplay; clipboard-write; encrypted-media; gyroscope; picture-in-picture; web-share\" referrerpolicy=\"strict-origin-when-cross-origin\" allowfullscreen><\/iframe>","protected":false},"excerpt":{"rendered":"<p>MIT KOMPETENZ Schutz und die Verteidigung Hierzu z\u00e4hlen Hunderassen, die f\u00fcr den Schutz und die Verteidigung (vor Beutegreifern, streunenden Hunden) der ihnen anvertrauten Herde gez\u00fcchtet und ausgebildet werden. Sie sind dauerhaft Mitglied ihrer Herde, verbringen Tag und Nacht bei dieser und arbeiten eigenst\u00e4ndig, ohne direkte Kommandos. Ein Herdenschutzhund ist darauf gez\u00fcchtet im Freien mit seiner &#8230; <a title=\"livestock guardian dogs\" class=\"read-more\" href=\"https:\/\/baer-wolf-luchs.at\/en\/herdenschutz\/herdenschutzhunde\/\" aria-label=\"Read more about Herdenschutz\u00adhunde\">Read more<\/a><\/p>","protected":false},"author":6,"featured_media":0,"parent":4677,"menu_order":0,"comment_status":"closed","ping_status":"closed","template":"","meta":{"footnotes":""},"class_list":["post-5456","page","type-page","status-publish"],"_links":{"self":[{"href":"https:\/\/baer-wolf-luchs.at\/en\/wp-json\/wp\/v2\/pages\/5456","targetHints":{"allow":["GET"]}}],"collection":[{"href":"https:\/\/baer-wolf-luchs.at\/en\/wp-json\/wp\/v2\/pages"}],"about":[{"href":"https:\/\/baer-wolf-luchs.at\/en\/wp-json\/wp\/v2\/types\/page"}],"author":[{"embeddable":true,"href":"https:\/\/baer-wolf-luchs.at\/en\/wp-json\/wp\/v2\/users\/6"}],"replies":[{"embeddable":true,"href":"https:\/\/baer-wolf-luchs.at\/en\/wp-json\/wp\/v2\/comments?post=5456"}],"version-history":[{"count":2,"href":"https:\/\/baer-wolf-luchs.at\/en\/wp-json\/wp\/v2\/pages\/5456\/revisions"}],"predecessor-version":[{"id":5721,"href":"https:\/\/baer-wolf-luchs.at\/en\/wp-json\/wp\/v2\/pages\/5456\/revisions\/5721"}],"up":[{"embeddable":true,"href":"https:\/\/baer-wolf-luchs.at\/en\/wp-json\/wp\/v2\/pages\/4677"}],"wp:attachment":[{"href":"https:\/\/baer-wolf-luchs.at\/en\/wp-json\/wp\/v2\/media?parent=5456"}],"curies":[{"name":"wp","href":"https:\/\/api.w.org\/{rel}","templated":true}]}}