{"id":5438,"date":"2025-01-20T12:37:17","date_gmt":"2025-01-20T11:37:17","guid":{"rendered":"https:\/\/baer-wolf-luchs.agency-11.com\/?page_id=5438"},"modified":"2025-01-20T12:43:42","modified_gmt":"2025-01-20T11:43:42","slug":"stall-weide","status":"publish","type":"page","link":"https:\/\/baer-wolf-luchs.at\/en\/herdenschutz\/stall-weide\/","title":{"rendered":"stable and pasture"},"content":{"rendered":"<h1>\n\t\tWITH COMPETENCE\n\t<\/h1>\n\t<h3>Only a healthy animal belongs on the pasture and must be prepared for it.<\/h3>\n\t\t\t\t<a href=\"https:\/\/baer-wolf-luchs.at\/wp-content\/uploads\/2025\/01\/Hirte_Weg_1200x900_8199235Zuschnitt-768x494-1.jpg\" target=\"_self\" itemprop=\"url\">\n\t\t\t\t<img loading=\"lazy\" decoding=\"async\" src=\"https:\/\/baer-wolf-luchs.at\/wp-content\/uploads\/2025\/01\/Hirte_Weg_1200x900_8199235Zuschnitt-768x494-1.jpg\" alt=\"Hirte_Weg_1200x900_8199235Zuschnitt-768x494\" itemprop=\"image\" height=\"494\" width=\"768\" title=\"Shepherd_Path_1200x900_8199235Cutout-768x494\" onerror=\"this.style.display='none'\"  \/>\n\t\t\t\t<\/a>\n\t<p>This includes:<\/p>\n<ul>\n<li>suitable stature and robustness<\/li>\n<li>healthy, well-groomed hooves<\/li>\n<li>deworming<\/li>\n<li>after winter - acclimatization to pasture and fresh pasture feed<\/li>\n<li>Completion of necessary vaccinations<\/li>\n<li>Planning lactation or avoiding births on the alpine pasture<\/li>\n<\/ul>\n<p>Alle dazugeh\u00f6rigen Ma\u00dfnahmen fallen unter den Begriff Herdenmanagement. Dies beschreibt die aktive, t\u00e4gliche und allumfassende Betreuung einer Herde. Es beschreibt T\u00e4tigkeiten, die direkt am bzw. f\u00fcr das Tier passieren und bestimmt auch die Zusammensetzung einer Herde f\u00fcr eine bestimmte Weide. Dadurch werden die Tiere gesund gehalten und k\u00f6nnen die beste Leistung bringen. Die daf\u00fcr notwendigen Entscheidungen helfen, die Tiere leistungsf\u00e4hig zu halten und Ma\u00dfnahmen zum Herdenschutz (gezielte Weidef\u00fchrung, Pferche, Koppeln&#8230;) umzusetzen.<\/p>\n<h3>\n\t\tHerdenschutz &#8211; \u00dcberlegungen f\u00fcr die Weidesaison\n\t<\/h3>\n\t<ul>\n<li>Zusammensetzung der Herde, Auswahl der Tiere &#8211; nach Alter, Geschlecht der Nutztiere, Status (Muttertier, Jungtier, tragend&#8230;)<\/li>\n<li>Festlegung des Zeitpunktes der Geburten &#8211; Mit welchem Alter kommt ein Tier auf die Weide bzw. auf eine Alm?<\/li>\n<li>Planning for a transition phase from stable feed to fresh meadow feed<\/li>\n<li>Avoiding births outdoors or in the pasture<\/li>\n<li>Ensuring rapid care and quick removal of injured\/accident animals<\/li>\n<\/ul>\n\t<p>Young animals, such as lambs or calves, are more vulnerable to predators and require greater protection. Each category of grazing animal has different requirements regarding pasture and, above all, energy needs. These are all aspects that must be considered in pasture management.<\/p>\n<p>Herd management allows me to control my herd, while pasture management encompasses all measures for the care and maintenance of pastureland. The goal is to maintain a suitable pasture that can adequately feed my animals in the long term, thus continuing the efforts of herd management.<\/p>\n<p>Just as herd management aims at animal welfare, pasture management is geared towards maintaining healthy vegetation for the grazing animals. Decisions made in herd management have a direct impact, for example, through the composition of the herd. The challenges of targeted pasture management include keeping animals in close proximity within a herd. Housing animals in pens must be considered when maintaining pastureland, for example, when choosing the location of a pen.<\/p>","protected":false},"excerpt":{"rendered":"<p>MIT KOMPETENZ Nur ein gesundes Tier geh\u00f6rt auf die Weide und muss f\u00fcr die Weide vorbereitet sein. Dazu geh\u00f6ren: passende Statur und Robustheit gesunde, gepflegte Klauen Entwurmung nach dem Winter- Gew\u00f6hnung an Weide und frisches Weidefutter Erledigung notwendiger Impfungen Planung der Laktation bzw. Vermeidung von Geburten auf der Alm Alle dazugeh\u00f6rigen Ma\u00dfnahmen fallen unter den &#8230; <a title=\"stable and pasture\" class=\"read-more\" href=\"https:\/\/baer-wolf-luchs.at\/en\/herdenschutz\/stall-weide\/\" aria-label=\"Read more about Stall und Weide\">Read more<\/a><\/p>","protected":false},"author":6,"featured_media":0,"parent":4677,"menu_order":0,"comment_status":"closed","ping_status":"closed","template":"","meta":{"footnotes":""},"class_list":["post-5438","page","type-page","status-publish"],"_links":{"self":[{"href":"https:\/\/baer-wolf-luchs.at\/en\/wp-json\/wp\/v2\/pages\/5438","targetHints":{"allow":["GET"]}}],"collection":[{"href":"https:\/\/baer-wolf-luchs.at\/en\/wp-json\/wp\/v2\/pages"}],"about":[{"href":"https:\/\/baer-wolf-luchs.at\/en\/wp-json\/wp\/v2\/types\/page"}],"author":[{"embeddable":true,"href":"https:\/\/baer-wolf-luchs.at\/en\/wp-json\/wp\/v2\/users\/6"}],"replies":[{"embeddable":true,"href":"https:\/\/baer-wolf-luchs.at\/en\/wp-json\/wp\/v2\/comments?post=5438"}],"version-history":[{"count":0,"href":"https:\/\/baer-wolf-luchs.at\/en\/wp-json\/wp\/v2\/pages\/5438\/revisions"}],"up":[{"embeddable":true,"href":"https:\/\/baer-wolf-luchs.at\/en\/wp-json\/wp\/v2\/pages\/4677"}],"wp:attachment":[{"href":"https:\/\/baer-wolf-luchs.at\/en\/wp-json\/wp\/v2\/media?parent=5438"}],"curies":[{"name":"wp","href":"https:\/\/api.w.org\/{rel}","templated":true}]}}