{"id":5422,"date":"2025-01-15T11:25:43","date_gmt":"2025-01-15T10:25:43","guid":{"rendered":"https:\/\/baer-wolf-luchs.agency-11.com\/?page_id=5422"},"modified":"2025-01-15T11:39:38","modified_gmt":"2025-01-15T10:39:38","slug":"herdenschutz-kompakt","status":"publish","type":"page","link":"https:\/\/baer-wolf-luchs.at\/en\/herdenschutz\/herdenschutz-kompakt\/","title":{"rendered":"Herdenschutz Kompakt"},"content":{"rendered":"<h1>\n\t\tWITH COMPETENCE\n\t<\/h1>\n\t<blockquote><p>Depending on the terrain, possibilities, operation and presence of predators, different combinations of measures are recommended.<\/p><\/blockquote>\n\t\t\t\t<a href=\"https:\/\/baer-wolf-luchs.at\/wp-content\/uploads\/2025\/01\/BlaueLitze_1200x900_9260326.jpg\" target=\"_self\" itemprop=\"url\">\n\t\t\t\t<img loading=\"lazy\" decoding=\"async\" src=\"https:\/\/baer-wolf-luchs.at\/wp-content\/uploads\/2025\/01\/BlaueLitze_1200x900_9260326.jpg\" alt=\"BlaueLitze_1200x900_9260326\" itemprop=\"image\" height=\"900\" width=\"1200\" title=\"BlaueLitze_1200x900_9260326\" onerror=\"this.style.display='none'\"  \/>\n\t\t\t\t<\/a>\n\t<h3>Fence<\/h3>\n<p>With an electric fence that\u00a0<a href=\"https:\/\/baer-wolf-luchs.at\/wp-content\/uploads\/2022\/05\/OeZ_Herdenschutzbroschuere.pdf\">the criteria of a herd protection fence<\/a>\u00a0erf\u00fcllt, lassen sich Weidetiere gegen \u00dcbergriffe gesichert einz\u00e4unen. Bei der Vorbereitung eines Auftriebs &#8211; Vorweide, nach dem Abtrieb &#8211; Nachweide im Tal, oder bei kleineren Niederalmen ist dies eine einfache, wirkungsvolle Variante. Es darf jedoch nicht auf die regelm\u00e4\u00dfige Kontrolle und Wartung des Zaunes vergessen werden.<\/p>\n<p>Mobile pasture fence nets can be used to set up pens for sheep to rest in or spend the night, which, if properly constructed, have a good wolf-repellent effect. The basic requirement for a herd protection fence is a constant power supply of at least 3500 volts at any time and anywhere on the fence (see the \u00d6Z brochure with standards for technical herd protection).<\/p>\n\t\t\t\t<a href=\"https:\/\/baer-wolf-luchs.at\/wp-content\/uploads\/2025\/01\/Nachtpferch_1200x900__7117341.jpg\" target=\"_self\" itemprop=\"url\">\n\t\t\t\t<img loading=\"lazy\" decoding=\"async\" src=\"https:\/\/baer-wolf-luchs.at\/wp-content\/uploads\/2025\/01\/Nachtpferch_1200x900__7117341.jpg\" alt=\"Nachtpferch_1200x900__7117341\" itemprop=\"image\" height=\"899\" width=\"1200\" title=\"night pen_1200x900__7117341\" onerror=\"this.style.display='none'\"  \/>\n\t\t\t\t<\/a>\n\t<h3>night protection<\/h3>\n<p>Predators hunt primarily at night. Housing grazing animals in a pen is a very good way of protecting them overnight. To ensure animal health, in terms of parasite pressure and hoof health, the pen&#039;s location should be changed after two nights at the latest, depending on the condition of the soil and plants. The animals must learn to go into the pen in the evening and not leave it again until the morning. The same applies to an existing alpine stable, which offers a high level of protection if built accordingly.<\/p>\n<p>The\u00a0<a href=\"https:\/\/baer-wolf-luchs.at\/en\/herdenschutz\/pferch-koppel\/\">size of a pen<\/a>\u00a0must be adapted to the size of the herd. For sheep, depending on the location conditions (soil, slope, feed supply), a guideline of around 2.5 to 3m\u00b2 per ewe can be assumed. For cattle, it depends on the specific composition of the herd (sucker cows, calves, existing horns); here, around 8 to 16m\u00b2 per animal can be expected.<\/p>\n\t\t\t\t<a href=\"https:\/\/baer-wolf-luchs.at\/wp-content\/uploads\/2025\/01\/Hirte_1200x900_7117343-1.jpg\" target=\"_self\" itemprop=\"url\">\n\t\t\t\t<img loading=\"lazy\" decoding=\"async\" src=\"https:\/\/baer-wolf-luchs.at\/wp-content\/uploads\/2025\/01\/Hirte_1200x900_7117343-1.jpg\" alt=\"Hirte_1200x900_7117343-1\" itemprop=\"image\" height=\"899\" width=\"1200\" title=\"Hirte_1200x900_7117343-1\" onerror=\"this.style.display='none'\"  \/>\n\t\t\t\t<\/a>\n\t<h3>shepherding<\/h3>\n<p>With\u00a0<a href=\"\/en\/herdenschutz\/hirte\/\">shepherding<\/a>\u00a0can\u00a0<a href=\"\/en\/herdenschutz\/pferch-koppel\/\">targeted grazing management<\/a>\u00a0which provides a solid basis for herd protection measures, especially on alpine pastures. A shepherd brings many advantages to the herd and ensures a safe summer on the alpine pastures. If predators regularly appear in the area, herding, with at least night pens, is definitely recommended.<\/p>\n\t\t\t\t<a href=\"https:\/\/baer-wolf-luchs.at\/wp-content\/uploads\/2025\/01\/Protector_of_the_sheep.jpg\" target=\"_self\" itemprop=\"url\">\n\t\t\t\t<img loading=\"lazy\" decoding=\"async\" src=\"https:\/\/baer-wolf-luchs.at\/wp-content\/uploads\/2025\/01\/Protector_of_the_sheep.jpg\" alt=\"Protector_of_the_sheep\" itemprop=\"image\" height=\"683\" width=\"1024\" title=\"Protector_of_the_sheep\" onerror=\"this.style.display='none'\"  \/>\n\t\t\t\t<\/a>\n\t<h3>livestock guardian dogs<\/h3>\n<p>If predators are constantly present in the area, in addition to herding, the use of\u00a0<a href=\"https:\/\/baer-wolf-luchs.at\/en\/herdenschutz\/herdenschutzhunde\/\">livestock guardian dogs<\/a>\u00a0recommended. These are seen as serious opponents and therefore have a deterrent effect. Important: Livestock guardian dogs work in a team to fulfill their task; one livestock guardian dog alone is not enough. In the event of an immediate attack by wolves, livestock guardian dogs are also ready to defend their livestock. However, this rarely occurs even in immediate wolf areas.<\/p>","protected":false},"excerpt":{"rendered":"<p>MIT KOMPETENZ Je nach Gel\u00e4nde, M\u00f6glichkeiten, Betrieb und Anwesenheit von Beutegreifern werden unterschiedliche Kombinationen von Ma\u00dfnahmen empfohlen. Zaun Mit einem Elektrozaun, der\u00a0die Kriterien eines Herdenschutzzaunes\u00a0erf\u00fcllt, lassen sich Weidetiere gegen \u00dcbergriffe gesichert einz\u00e4unen. Bei der Vorbereitung eines Auftriebs &#8211; Vorweide, nach dem Abtrieb &#8211; Nachweide im Tal, oder bei kleineren Niederalmen ist dies eine einfache, wirkungsvolle &#8230; <a title=\"Herdenschutz Kompakt\" class=\"read-more\" href=\"https:\/\/baer-wolf-luchs.at\/en\/herdenschutz\/herdenschutz-kompakt\/\" aria-label=\"Read more about Herden\u00adschutz Kompakt\">Read more<\/a><\/p>","protected":false},"author":6,"featured_media":0,"parent":4677,"menu_order":0,"comment_status":"closed","ping_status":"closed","template":"","meta":{"footnotes":""},"class_list":["post-5422","page","type-page","status-publish"],"_links":{"self":[{"href":"https:\/\/baer-wolf-luchs.at\/en\/wp-json\/wp\/v2\/pages\/5422","targetHints":{"allow":["GET"]}}],"collection":[{"href":"https:\/\/baer-wolf-luchs.at\/en\/wp-json\/wp\/v2\/pages"}],"about":[{"href":"https:\/\/baer-wolf-luchs.at\/en\/wp-json\/wp\/v2\/types\/page"}],"author":[{"embeddable":true,"href":"https:\/\/baer-wolf-luchs.at\/en\/wp-json\/wp\/v2\/users\/6"}],"replies":[{"embeddable":true,"href":"https:\/\/baer-wolf-luchs.at\/en\/wp-json\/wp\/v2\/comments?post=5422"}],"version-history":[{"count":0,"href":"https:\/\/baer-wolf-luchs.at\/en\/wp-json\/wp\/v2\/pages\/5422\/revisions"}],"up":[{"embeddable":true,"href":"https:\/\/baer-wolf-luchs.at\/en\/wp-json\/wp\/v2\/pages\/4677"}],"wp:attachment":[{"href":"https:\/\/baer-wolf-luchs.at\/en\/wp-json\/wp\/v2\/media?parent=5422"}],"curies":[{"name":"wp","href":"https:\/\/api.w.org\/{rel}","templated":true}]}}