{"id":5119,"date":"2024-12-16T13:28:35","date_gmt":"2024-12-16T12:28:35","guid":{"rendered":"https:\/\/baer-wolf-luchs.agency-11.com\/?page_id=5119"},"modified":"2026-02-23T08:30:35","modified_gmt":"2026-02-23T07:30:35","slug":"publikationen","status":"publish","type":"page","link":"https:\/\/baer-wolf-luchs.at\/en\/publikationen\/","title":{"rendered":"Publications of the \u00d6Z"},"content":{"rendered":"<h1  id=\"subpage_title\">\n\t\t\tWITH COMPETENCE\t<\/h1>\n<h3>\n\t\t\tHere you will find a thematically sorted list of publications from the \u00d6Z.\t<\/h3>\n<h4  id=\"one\">\n\t\t\tGro\u00dfe Beutegreifer &#8211; Schutzbestimmungen\t<\/h4>\n\t<ul>\n<li><a href=\"\/wp-content\/uploads\/2024\/12\/OeZ_Schutzbestimmungen_grosse-Beutegreifer_Dezember_2024.pdf\" target=\"_blank\" rel=\"noopener\">OeZ_Protection_Regulations_Large_Prey_December_2024<\/a><\/li>\n<\/ul>\n<h4  id=\"two\">\n\t\t\tMonitoring standards for the wolf\t<\/h4>\n\t<ul>\n<li><a href=\"\/wp-content\/uploads\/2024\/12\/OeZ_Monitoringstandards-Wolf_2024.pdf\" target=\"_blank\" rel=\"noopener\">Monitoring standards for the wolf<\/a><\/li>\n<\/ul>\n<h4  id=\"three\">\n\t\t\tWolf status reports\t<\/h4>\n\t<ul>\n<li><a href=\"https:\/\/baer-wolf-luchs.at\/wp-content\/uploads\/2026\/02\/2024_Statusbericht_Wolf.pdf\" target=\"_blank\" rel=\"noopener\">\u00d6Z Status Report Wolf 2024<\/a><\/li>\n<li><a href=\"\/wp-content\/uploads\/2024\/12\/OeZ-Statusbericht-Wolf-2023.pdf\" target=\"_blank\" rel=\"noopener\">\u00d6Z Status Report Wolf 2023<\/a><\/li>\n<li><a href=\"\/wp-content\/uploads\/2024\/12\/OeZ_Statusbericht_2021_2022.pdf\" target=\"_blank\" rel=\"noopener\">\u00d6Z Status Report 2021-2022<\/a><\/li>\n<li><a href=\"\/wp-content\/uploads\/2024\/12\/OeZ_Statusbericht_Wolf_2020.pdf\" target=\"_blank\" rel=\"noopener\">\u00d6Z Status Report Wolf 2020<\/a><\/li>\n<\/ul>\n<h4  id=\"four\">\n\t\t\tTechnical herd protection\t<\/h4>\n\t<ul>\n<li><a href=\"\/wp-content\/uploads\/2024\/12\/OeZ_Herdenschutzbroschuere.pdf\" target=\"_blank\" rel=\"noopener\">\u00d6Z Livestock Protection Brochure<\/a><\/li>\n<\/ul>\n<h4  id=\"five\">\n\t\t\tWolf management in Austria\t<\/h4>\n\t<ul>\n<li><a href=\"\/wp-content\/uploads\/2024\/12\/OeZ_Wolfsmanagement_2021.pdf\" target=\"_blank\" rel=\"noopener\">\u00d6Z Wolf Management 2021<\/a><\/li>\n<\/ul>\n<h4  id=\"six\">\n\t\t\tCertification of livestock guardian dogs\t<\/h4>\n\t<ul>\n<li><a href=\"\/wp-content\/uploads\/2024\/12\/OeZ_HSH_Zertifizierungsinhalte.pdf\" target=\"_blank\" rel=\"noopener\">Overview of certification content<\/a><\/li>\n<li><a href=\"\/wp-content\/uploads\/2024\/12\/OeZ_RL_Zertifizierung_HSH_2023_03.pdf\" target=\"_blank\" rel=\"noopener\">Certification Guideline<\/a><\/li>\n<\/ul>","protected":false},"excerpt":{"rendered":"<p>MIT KOMPETENZ Hier findet sich eine thematisch sortierte Liste von Publikationen des \u00d6Z Gro\u00dfe Beutegreifer &#8211; Schutzbestimmungen OeZ_Schutzbestimmungen_gro\u00dfe Beutegreifer_Dezember_2024 Monitoringstandards f\u00fcr den Wolf Monitoringstandards f\u00fcr den Wolf Statusberichte Wolf \u00d6Z Statusbericht Wolf 2024 \u00d6Z Statusbericht Wolf 2023 \u00d6Z Statusbericht 2021-2022 \u00d6Z Statusbericht Wolf 2020 Technischer Herdenschutz \u00d6Z Herdenschutzbrosch\u00fcre Wolfsmanagement in \u00d6sterreich \u00d6Z Wolfsmanagement 2021 Zertifizierung &#8230; <a title=\"Publications of the \u00d6Z\" class=\"read-more\" href=\"https:\/\/baer-wolf-luchs.at\/en\/publikationen\/\" aria-label=\"Read more about Publikationen des \u00d6Z\">Read more<\/a><\/p>","protected":false},"author":6,"featured_media":0,"parent":0,"menu_order":0,"comment_status":"closed","ping_status":"closed","template":"","meta":{"footnotes":""},"class_list":["post-5119","page","type-page","status-publish"],"_links":{"self":[{"href":"https:\/\/baer-wolf-luchs.at\/en\/wp-json\/wp\/v2\/pages\/5119","targetHints":{"allow":["GET"]}}],"collection":[{"href":"https:\/\/baer-wolf-luchs.at\/en\/wp-json\/wp\/v2\/pages"}],"about":[{"href":"https:\/\/baer-wolf-luchs.at\/en\/wp-json\/wp\/v2\/types\/page"}],"author":[{"embeddable":true,"href":"https:\/\/baer-wolf-luchs.at\/en\/wp-json\/wp\/v2\/users\/6"}],"replies":[{"embeddable":true,"href":"https:\/\/baer-wolf-luchs.at\/en\/wp-json\/wp\/v2\/comments?post=5119"}],"version-history":[{"count":3,"href":"https:\/\/baer-wolf-luchs.at\/en\/wp-json\/wp\/v2\/pages\/5119\/revisions"}],"predecessor-version":[{"id":5867,"href":"https:\/\/baer-wolf-luchs.at\/en\/wp-json\/wp\/v2\/pages\/5119\/revisions\/5867"}],"wp:attachment":[{"href":"https:\/\/baer-wolf-luchs.at\/en\/wp-json\/wp\/v2\/media?parent=5119"}],"curies":[{"name":"wp","href":"https:\/\/api.w.org\/{rel}","templated":true}]}}