{"id":5066,"date":"2024-12-12T10:59:12","date_gmt":"2024-12-12T09:59:12","guid":{"rendered":"https:\/\/baer-wolf-luchs.agency-11.com\/?page_id=5066"},"modified":"2025-01-13T14:56:20","modified_gmt":"2025-01-13T13:56:20","slug":"verbreitung-europa","status":"publish","type":"page","link":"https:\/\/baer-wolf-luchs.at\/en\/verbreitungskarten\/verbreitung-europa\/","title":{"rendered":"distribution maps Europe"},"content":{"rendered":"<h1>\n\t\tWITH COMPETENCE\n\t<\/h1>\n<h3>\n\t\tLinks to maps and data from other countries\n\t<\/h3>\n\t<h4>Germany<\/h4>\n<a href=\"https:\/\/www.dbb-wolf.de\/Wolfsvorkommen\/besetzte-Rasterzellen\" target=\"_blank\" rel=\"noopener\">Map of the distribution of the wolf in Germany<\/a><br \/>\n<em>Federal Documentation and Advisory Center on the Wolf<\/em>\n<a href=\"https:\/\/www.bfn.de\/daten-und-fakten\/luchsverbreitung-deutschland\" target=\"_blank\" rel=\"noopener\">Map of lynx occurrence in Germany, monitoring years (PDF)<\/a><br \/>\n<em>Federal Agency for Nature Conservation<\/em>\n<a href=\"https:\/\/www.lfu.bayern.de\/natur\/wildtiermanagement_grosse_beutegreifer\/wolf\/monitoring\/index.htm\" target=\"_blank\" rel=\"noopener\">Monitoring of wolves in Bavaria, table with C1 evidence<\/a><br \/>\n<em>website of the Bavarian State Office for the Environment<\/em>\n\t<h4>Switzerland<\/h4>\n<p><a href=\"https:\/\/chwolf.org\/woelfe-in-der-schweiz\/wolfspraesenz\/aktuelle-daten\" target=\"_blank\" rel=\"noopener\">Current wolf presence in Switzerland, CHWolf.org<\/a><\/p>\n<p><a href=\"https:\/\/chwolf.org\/woelfe-in-der-schweiz\/wolfspraesenz\/fruehere-daten\" target=\"_blank\" rel=\"noopener\">Previous data on wolf presence in Switzerland, CHWolf.org<\/a><\/p>\n<p><a href=\"https:\/\/www.kora.ch\/de\/arten\/wolf\/verbreitung\" target=\"_blank\" rel=\"noopener\">Maps of wolf populations in Switzerland, KORA<\/a><\/p>\n<p><a href=\"https:\/\/www.kora.ch\/de\/arten\/baer\/verbreitung\" target=\"_blank\" rel=\"noopener\">Maps of bear populations in Switzerland, KORA<\/a><\/p>\n<p><a href=\"https:\/\/www.kora.ch\/de\/arten\/luchs\/verbreitung\" target=\"_blank\" rel=\"noopener\">Maps of lynx occurrence in Switzerland, KORA<\/a><\/p>\n<p><a href=\"https:\/\/www.gr.ch\/DE\/institutionen\/verwaltung\/diem\/ajf\/grossraubtiere\/Seiten\/Beobachtungen.aspx\" target=\"_blank\" rel=\"noopener\">Maps of observations of bear, wolf, lynx, golden jackal and wild cat in the canton of Graub\u00fcnden<\/a><\/p>\n\t<h4>France<\/h4>\n<a href=\"https:\/\/maploup.fr\/map.php\" target=\"_blank\" rel=\"noopener\">Map of wolf attacks in the French Alps (French)<\/a><br \/>\n<em>Departments of Alpes-de-Haute-Provence, Dr\u00f4me, Hautes-Alpes, Haute-Savoie, Savoie, Is\u00e8re and Var<\/em>\n\t<h4>Czech Republic<\/h4>\n<p><a href=\"http:\/\/www.mapa.selmy.cz\/cs?layers=101\" target=\"_blank\" rel=\"noopener\">Map of large predator occurrences in the Czech Republic<\/a><\/p>\n<p><a href=\"http:\/\/www.carnivores.cz\/\" target=\"_blank\" rel=\"noopener\">Information on predators in the Czech Republic<\/a><\/p>\n\t<h4>Europe<\/h4>\n<a href=\"http:\/\/www.nabu.de\/tdw2022\" target=\"_blank\" rel=\"noopener\">Map of the wolf in Europe, NABU Germany<\/a><br \/>\n<em>Here only fixed territories were included in the map.<\/em>\n<p><a href=\"https:\/\/www.lcie.org\/Large-carnivores\/Wolf-\" target=\"_blank\" rel=\"noopener\">Map of the wolf in Europe, LCIE<\/a><\/p>\n<p><a href=\"https:\/\/www.lcie.org\/Large-carnivores\/Brown-bear\" target=\"_blank\" rel=\"noopener\">Map of Bears in Europe, LCIE<\/a><\/p>\n<p><a href=\"https:\/\/www.lcie.org\/Large-carnivores\/Eurasian-lynx\" target=\"_blank\" rel=\"noopener\">Map of the Lynx in Europe, LCIE<\/a><\/p>","protected":false},"excerpt":{"rendered":"<p>MIT KOMPETENZ Links zu Karten und Daten anderer L\u00e4nder Deutschland Karte zur Verbreitung des Wolfes in Deutschland Dokumentations- und Beratungsstelle des Bundes zum Thema Wolf Karte zum Luchsvorkommen in Deutschland, Monitoringjahre (PDF) Bundesamt f\u00fcr Naturschutz Monitoring von W\u00f6lfen in Bayern, Tabelle mit C1-Nachweisen Seite des bayerischen Landesamtes f\u00fcr Umwelt Schweiz Aktuelle Wolfspr\u00e4senz in der Schweiz, &#8230; <a title=\"distribution maps Europe\" class=\"read-more\" href=\"https:\/\/baer-wolf-luchs.at\/en\/verbreitungskarten\/verbreitung-europa\/\" aria-label=\"Read more about Verbreitungs\u00adkarten\u00ad Europa\">Read more<\/a><\/p>","protected":false},"author":6,"featured_media":0,"parent":4427,"menu_order":0,"comment_status":"closed","ping_status":"closed","template":"","meta":{"footnotes":""},"class_list":["post-5066","page","type-page","status-publish"],"_links":{"self":[{"href":"https:\/\/baer-wolf-luchs.at\/en\/wp-json\/wp\/v2\/pages\/5066","targetHints":{"allow":["GET"]}}],"collection":[{"href":"https:\/\/baer-wolf-luchs.at\/en\/wp-json\/wp\/v2\/pages"}],"about":[{"href":"https:\/\/baer-wolf-luchs.at\/en\/wp-json\/wp\/v2\/types\/page"}],"author":[{"embeddable":true,"href":"https:\/\/baer-wolf-luchs.at\/en\/wp-json\/wp\/v2\/users\/6"}],"replies":[{"embeddable":true,"href":"https:\/\/baer-wolf-luchs.at\/en\/wp-json\/wp\/v2\/comments?post=5066"}],"version-history":[{"count":0,"href":"https:\/\/baer-wolf-luchs.at\/en\/wp-json\/wp\/v2\/pages\/5066\/revisions"}],"up":[{"embeddable":true,"href":"https:\/\/baer-wolf-luchs.at\/en\/wp-json\/wp\/v2\/pages\/4427"}],"wp:attachment":[{"href":"https:\/\/baer-wolf-luchs.at\/en\/wp-json\/wp\/v2\/media?parent=5066"}],"curies":[{"name":"wp","href":"https:\/\/api.w.org\/{rel}","templated":true}]}}