{"id":5058,"date":"2024-12-12T10:49:14","date_gmt":"2024-12-12T09:49:14","guid":{"rendered":"https:\/\/baer-wolf-luchs.agency-11.com\/?page_id=5058"},"modified":"2026-04-27T11:53:11","modified_gmt":"2026-04-27T09:53:11","slug":"goldschakal-verbreitung","status":"publish","type":"page","link":"https:\/\/baer-wolf-luchs.at\/en\/verbreitungskarten\/goldschakal-verbreitung\/","title":{"rendered":"Golden Jackal \u2013 Distribution Austria"},"content":{"rendered":"<h1>\n\t\t\tGolden jackal distribution\t<\/h1>\n    <a href=\"\/en\/beutegreifer\/goldschakal\/\">\n        <img decoding=\"async\" src=\"\/wp-content\/uploads\/2024\/12\/paw-outline.svg\" alt=\"paw\"\/>\n        golden jackal\n    <\/a>\n    <a href=\"\/en\/#support\">\n        <img decoding=\"async\" src=\"\/wp-content\/uploads\/2024\/12\/shield2.svg\" alt=\"support\"\/>\n        Help\n    <\/a>\n<h3>\n\t\t\tDistribution of the golden jackal\t<\/h3>\n\t<p>The information shown on the distribution map regarding the distribution of the golden jackal in Austria comes from the report pursuant to Article 17 of the Habitats Directive.<\/p>\n<p>This was from <a href=\"https:\/\/www.umweltbundesamt.at\/\" target=\"_blank\" rel=\"noopener\">Federal Environment Agency<\/a> on behalf of <a href=\"https:\/\/www.bmluk.gv.at\/\" target=\"_blank\" rel=\"noopener\">BMLUK<\/a> Created for the Austrian federal states.<\/p>\n<figure itemscope itemtype=\"https:\/\/schema.org\/ImageObject\">\n\t\t\t\t<a href=\"https:\/\/baer-wolf-luchs.at\/wp-content\/uploads\/2026\/04\/Goldschakal_OeZ_FINAL-scaled.jpeg\"  target=\"_self\" itemprop=\"url\">\n\t\t\t\t<img decoding=\"async\" src=\"https:\/\/baer-wolf-luchs.at\/wp-content\/uploads\/2026\/04\/Goldschakal_OeZ_FINAL-scaled.jpeg\" alt=\"Goldschakal_\u00d6Z_FINAL\" height=\"1810\" width=\"2560\" title=\"Golden Jackal_\u00d6Z_FINAL\" onerror=\"this.style.display='none'\" loading=\"lazy\" \/>\n\t\t\t\t<\/a>\n\t<\/figure>\n\t<p>Further information on the distribution of the golden jackal in Austria is available on the website of the Golden Jackal Project.<\/p>\n<p>This research project, which has been running at the Institute of Wildlife Biology and Game Management (IWJ) of the University of Natural Resources and Life Sciences Vienna since 2015, is dedicated to recording and analyzing the spread of this species in Austria.<\/p>\n\t<a href=\"https:\/\/www.goldschakal.at\/\" target=\"_blank\">More information about the golden jackal<\/a>","protected":false},"excerpt":{"rendered":"<p>Goldschakal Verbreitung Goldschakal Hilfe Verbreitung des Goldschakals Die auf der Verbreitungskarte gezeigten Informationen zur Verbreitung des Goldschakals in \u00d6sterreich stammen aus dem Bericht nach Artikel 17 der FFH-Richtlinie. Dieser wurde vom Umweltbundesamt im Auftrag des BMLUK f\u00fcr die \u00f6sterreichischen Bundesl\u00e4nder erstellt. Weitere Informationen zur Verbreitung des Goldschakals in \u00d6sterreich sind auf der Website des Goldschakal-Projekts &#8230; <a title=\"Golden Jackal \u2013 Distribution Austria\" class=\"read-more\" href=\"https:\/\/baer-wolf-luchs.at\/en\/verbreitungskarten\/goldschakal-verbreitung\/\" aria-label=\"Read more about Goldschakal \u2013 Verbreitung \u00d6sterreich\">Read more<\/a><\/p>","protected":false},"author":6,"featured_media":0,"parent":4427,"menu_order":0,"comment_status":"closed","ping_status":"closed","template":"","meta":{"footnotes":""},"class_list":["post-5058","page","type-page","status-publish"],"_links":{"self":[{"href":"https:\/\/baer-wolf-luchs.at\/en\/wp-json\/wp\/v2\/pages\/5058","targetHints":{"allow":["GET"]}}],"collection":[{"href":"https:\/\/baer-wolf-luchs.at\/en\/wp-json\/wp\/v2\/pages"}],"about":[{"href":"https:\/\/baer-wolf-luchs.at\/en\/wp-json\/wp\/v2\/types\/page"}],"author":[{"embeddable":true,"href":"https:\/\/baer-wolf-luchs.at\/en\/wp-json\/wp\/v2\/users\/6"}],"replies":[{"embeddable":true,"href":"https:\/\/baer-wolf-luchs.at\/en\/wp-json\/wp\/v2\/comments?post=5058"}],"version-history":[{"count":8,"href":"https:\/\/baer-wolf-luchs.at\/en\/wp-json\/wp\/v2\/pages\/5058\/revisions"}],"predecessor-version":[{"id":5985,"href":"https:\/\/baer-wolf-luchs.at\/en\/wp-json\/wp\/v2\/pages\/5058\/revisions\/5985"}],"up":[{"embeddable":true,"href":"https:\/\/baer-wolf-luchs.at\/en\/wp-json\/wp\/v2\/pages\/4427"}],"wp:attachment":[{"href":"https:\/\/baer-wolf-luchs.at\/en\/wp-json\/wp\/v2\/media?parent=5058"}],"curies":[{"name":"wp","href":"https:\/\/api.w.org\/{rel}","templated":true}]}}