{"id":4973,"date":"2024-12-12T09:20:37","date_gmt":"2024-12-12T08:20:37","guid":{"rendered":"https:\/\/baer-wolf-luchs.agency-11.com\/?page_id=4973"},"modified":"2026-04-07T08:35:27","modified_gmt":"2026-04-07T06:35:27","slug":"wolf-verbreitung","status":"publish","type":"page","link":"https:\/\/baer-wolf-luchs.at\/en\/verbreitungskarten\/wolf-verbreitung\/","title":{"rendered":"Wolf \u2013 Distribution Austria"},"content":{"rendered":"<h1>\n\t\t\twolf distribution\t<\/h1>\n    <a href=\"\/en\/beutegreifer\/wolf\/\">\n        <img decoding=\"async\" src=\"\/wp-content\/uploads\/2024\/12\/paw-outline.svg\" alt=\"paw\"\/>\n        wolf\n    <\/a>\n    <a href=\"\/en\/#support\">\n        <img decoding=\"async\" src=\"\/wp-content\/uploads\/2024\/12\/shield2.svg\" alt=\"support\"\/>\n        Help\n    <\/a>\n<h3>\n\t\t\tCurrent\t<\/h3>\n\t<p>Available evidence comes from damage assessments, the hunting community, the federal states, and private individuals.<\/p>\n<p>Only C1 certificates are shown according to the <a href=\"\/en\/monitoring\/\" rel=\"noopener\" data-type=\"page\" data-id=\"823\">SCALP criteria<\/a>.<\/p>\n<p>Nine populations are currently distinguished in Europe, see\u00a0<a href=\"https:\/\/www.lcie.org\/Large-carnivores\/Wolf-\" target=\"_blank\" rel=\"noopener\"><u>\u201eLarge Carnivore Initiative for Europe&#8220;<\/u><\/a>Currently, individuals from the following populations are migrating to Austria: Alpine population, Dinaric-Balkan population, Carpathian population, Central European lowland population.<\/p>\n\t<a href=\"#archive\">Wolf Map Archive<\/a>\n<figure itemscope itemtype=\"https:\/\/schema.org\/ImageObject\">\n\t\t\t\t<a href=\"https:\/\/baer-wolf-luchs.at\/wp-content\/uploads\/2026\/04\/OeZ_Wolfsvorkommen_2026_03_31_Oesterreich--scaled.jpg\"  target=\"_self\" itemprop=\"url\">\n\t\t\t\t<img decoding=\"async\" src=\"https:\/\/baer-wolf-luchs.at\/wp-content\/uploads\/2026\/04\/OeZ_Wolfsvorkommen_2026_03_31_Oesterreich--scaled.jpg\" alt=\"OeZ_Wolfsvorkommen_2026_03_31_Oesterreich\" height=\"1811\" width=\"2560\" title=\"OeZ_Wolf occurrence_2026_03_31_Austria\" onerror=\"this.style.display='none'\" loading=\"lazy\" \/>\n\t\t\t\t<\/a>\n\t<\/figure>\n<a href=\"https:\/\/baer-wolf-luchs.at\/wp-content\/uploads\/2026\/04\/OeZ_Wolfsvorkommen_2026_03_31_Oesterreich.pdf\"  target=\"_blank\">Download as pdf<\/a>\n<figure itemscope itemtype=\"https:\/\/schema.org\/ImageObject\">\n\t\t\t\t<a href=\"https:\/\/baer-wolf-luchs.at\/wp-content\/uploads\/2026\/04\/OeZ_Wolfsnachweise_2026_03_31_Oesterreich-scaled.jpg\"  target=\"_self\" itemprop=\"url\">\n\t\t\t\t<img decoding=\"async\" src=\"https:\/\/baer-wolf-luchs.at\/wp-content\/uploads\/2026\/04\/OeZ_Wolfsnachweise_2026_03_31_Oesterreich-scaled.jpg\" alt=\"OeZ_Wolfsnachweise_2026_03_31_Oesterreich\" height=\"1810\" width=\"2560\" title=\"OeZ_Wolf evidence_2026_03_31_Austria\" onerror=\"this.style.display='none'\" loading=\"lazy\" \/>\n\t\t\t\t<\/a>\n\t<\/figure>\n<a href=\"https:\/\/baer-wolf-luchs.at\/wp-content\/uploads\/2026\/04\/OeZ_Wolfsnachweise_2026_03_31_Oesterreich.pdf\"  target=\"_blank\">Download as pdf<\/a>\n<h3>\n\t\t\tWolf sightings 2025\t<\/h3>\n<figure itemscope itemtype=\"https:\/\/schema.org\/ImageObject\">\n\t\t\t\t<a href=\"https:\/\/baer-wolf-luchs.at\/wp-content\/uploads\/2026\/03\/OeZ_Wolfsvorkommen_2025_Oesterreich-scaled.jpg\"  target=\"_self\" itemprop=\"url\">\n\t\t\t\t<img decoding=\"async\" src=\"https:\/\/baer-wolf-luchs.at\/wp-content\/uploads\/2026\/03\/OeZ_Wolfsvorkommen_2025_Oesterreich-scaled.jpg\" alt=\"OeZ_Wolfsvorkommen_2025_Oesterreich\" height=\"1810\" width=\"2560\" title=\"OeZ_Wolf occurrence_2025_Austria\" onerror=\"this.style.display='none'\" loading=\"lazy\" \/>\n\t\t\t\t<\/a>\n\t<\/figure>\n<a href=\"https:\/\/baer-wolf-luchs.at\/wp-content\/uploads\/2026\/03\/OeZ_Wolfsvorkommen_2025_Oesterreich.pdf\"  target=\"_blank\">Download as pdf<\/a>\n<figure itemscope itemtype=\"https:\/\/schema.org\/ImageObject\">\n\t\t\t\t<a href=\"https:\/\/baer-wolf-luchs.at\/wp-content\/uploads\/2026\/03\/OeZ_Wolfsnachweise_2025_Oesterreich-scaled.jpg\"  target=\"_self\" itemprop=\"url\">\n\t\t\t\t<img decoding=\"async\" src=\"https:\/\/baer-wolf-luchs.at\/wp-content\/uploads\/2026\/03\/OeZ_Wolfsnachweise_2025_Oesterreich-scaled.jpg\" alt=\"OeZ_Wolfsnachweise_2025_Oesterreich\" height=\"1811\" width=\"2560\" title=\"OeZ_Wolf evidence_2025_Austria\" onerror=\"this.style.display='none'\" loading=\"lazy\" \/>\n\t\t\t\t<\/a>\n\t<\/figure>\n<a href=\"https:\/\/baer-wolf-luchs.at\/wp-content\/uploads\/2026\/03\/OeZ_Wolfsnachweise_2025_Oesterreich.pdf\"  target=\"_blank\">Download as pdf<\/a>\n<figure itemscope itemtype=\"https:\/\/schema.org\/ImageObject\">\n\t\t\t\t<a href=\"https:\/\/baer-wolf-luchs.at\/wp-content\/uploads\/2026\/03\/OeZ_Wolfsnachweise_2025_Ktn-scaled.jpg\"  target=\"_self\" itemprop=\"url\">\n\t\t\t\t<img decoding=\"async\" src=\"https:\/\/baer-wolf-luchs.at\/wp-content\/uploads\/2026\/03\/OeZ_Wolfsnachweise_2025_Ktn-scaled.jpg\" alt=\"OeZ_Wolfsnachweise_2025_Ktn\" height=\"1811\" width=\"2560\" title=\"OeZ_Wolf evidence_2025_Carinthia\" onerror=\"this.style.display='none'\" loading=\"lazy\" \/>\n\t\t\t\t<\/a>\n\t<\/figure>\n<a href=\"https:\/\/baer-wolf-luchs.at\/wp-content\/uploads\/2026\/03\/OeZ_Wolfsnachweise_2025_Ktn.pdf\"  target=\"_blank\">Download as pdf<\/a>\n<figure itemscope itemtype=\"https:\/\/schema.org\/ImageObject\">\n\t\t\t\t<a href=\"https:\/\/baer-wolf-luchs.at\/wp-content\/uploads\/2026\/03\/OeZ_Wolfsnachweise_2025_Noe-scaled.jpg\"  target=\"_self\" itemprop=\"url\">\n\t\t\t\t<img decoding=\"async\" src=\"https:\/\/baer-wolf-luchs.at\/wp-content\/uploads\/2026\/03\/OeZ_Wolfsnachweise_2025_Noe-scaled.jpg\" alt=\"OeZ_Wolfsnachweise_2025_Noe\" height=\"1811\" width=\"2560\" title=\"OeZ_Wolf evidence_2025_Noe\" onerror=\"this.style.display='none'\" loading=\"lazy\" \/>\n\t\t\t\t<\/a>\n\t<\/figure>\n<a href=\"https:\/\/baer-wolf-luchs.at\/wp-content\/uploads\/2026\/03\/OeZ_Wolfsnachweise_2025_Noe.pdf\"  target=\"_blank\">Download as pdf<\/a>\n<figure itemscope itemtype=\"https:\/\/schema.org\/ImageObject\">\n\t\t\t\t<a href=\"https:\/\/baer-wolf-luchs.at\/wp-content\/uploads\/2026\/03\/OeZ_Wolfsnachweise_2025_Tirol-scaled.jpg\"  target=\"_self\" itemprop=\"url\">\n\t\t\t\t<img decoding=\"async\" src=\"https:\/\/baer-wolf-luchs.at\/wp-content\/uploads\/2026\/03\/OeZ_Wolfsnachweise_2025_Tirol-scaled.jpg\" alt=\"OeZ_Wolfsnachweise_2025_Tirol\" height=\"1811\" width=\"2560\" title=\"OeZ_Wolf evidence_2025_Tyrol\" onerror=\"this.style.display='none'\" loading=\"lazy\" \/>\n\t\t\t\t<\/a>\n\t<\/figure>\n<a href=\"https:\/\/baer-wolf-luchs.at\/wp-content\/uploads\/2026\/03\/OeZ_Wolfsnachweise_2025_Tirol.pdf\"  target=\"_blank\">Download as pdf<\/a>\n<h3  id=\"archive\">\n\t\t\tWolf Map Archive\t<\/h3>\n\t\t\t\t\t<a role=\"heading\" aria-level=\"2\" tabindex=\"-1\"  id=\"fl-accordion--label-0\">Older maps of wolf evidence<\/a>\n\t\t\t\t\t\t\t\t\t\t\t<button type=\"button\" id=\"fl-accordion--icon-0\" aria-expanded=\"false\" aria-controls=\"fl-accordion--panel-0\"><i>Expand<\/i><\/button>\n\t\t\t\t<a href=\"https:\/\/baer-wolf-luchs.at\/wp-content\/uploads\/2025\/04\/OeZ_Wolfsnachweise_2024_2025_03_11_Oesterreich-1536x1086-1.jpg\" target=\"_self\" itemprop=\"url\">\n\t\t\t\t<img loading=\"lazy\" decoding=\"async\" src=\"https:\/\/baer-wolf-luchs.at\/wp-content\/uploads\/2025\/04\/OeZ_Wolfsnachweise_2024_2025_03_11_Oesterreich-1536x1086-1.jpg\" alt=\"OeZ_Wolfsnachweise_2024_2025_03_11_Oesterreich-1536x1086\" height=\"1086\" width=\"1536\" title=\"OeZ_Wolfsnachweise_2024_2025_03_11_Oesterreich-1536x1086\" onerror=\"this.style.display='none'\"  itemprop=\"image\" srcset=\"https:\/\/baer-wolf-luchs.at\/wp-content\/uploads\/2025\/04\/OeZ_Wolfsnachweise_2024_2025_03_11_Oesterreich-1536x1086-1.jpg 1536w, https:\/\/baer-wolf-luchs.at\/wp-content\/uploads\/2025\/04\/OeZ_Wolfsnachweise_2024_2025_03_11_Oesterreich-1536x1086-1-600x424.jpg 600w, https:\/\/baer-wolf-luchs.at\/wp-content\/uploads\/2025\/04\/OeZ_Wolfsnachweise_2024_2025_03_11_Oesterreich-1536x1086-1-1024x724.jpg 1024w, https:\/\/baer-wolf-luchs.at\/wp-content\/uploads\/2025\/04\/OeZ_Wolfsnachweise_2024_2025_03_11_Oesterreich-1536x1086-1-768x543.jpg 768w, https:\/\/baer-wolf-luchs.at\/wp-content\/uploads\/2025\/04\/OeZ_Wolfsnachweise_2024_2025_03_11_Oesterreich-1536x1086-1-18x12.jpg 18w\" sizes=\"auto, (max-width: 1536px) 100vw, 1536px\" \/>\n\t\t\t\t<\/a>\n\t\t\t\t<a href=\"https:\/\/baer-wolf-luchs.at\/wp-content\/uploads\/2024\/12\/oez_wolfsnachweise_2022-1.jpg\" target=\"_self\" itemprop=\"url\">\n\t\t\t\t<img loading=\"lazy\" decoding=\"async\" src=\"https:\/\/baer-wolf-luchs.at\/wp-content\/uploads\/2024\/12\/oez_wolfsnachweise_2022-1.jpg\" alt=\"oez_wolfsnachweise_2022-1\" height=\"794\" width=\"1123\" title=\"oez_wolfsnachweise_2022-1\" onerror=\"this.style.display='none'\"  itemprop=\"image\" srcset=\"https:\/\/baer-wolf-luchs.at\/wp-content\/uploads\/2024\/12\/oez_wolfsnachweise_2022-1.jpg 1123w, https:\/\/baer-wolf-luchs.at\/wp-content\/uploads\/2024\/12\/oez_wolfsnachweise_2022-1-600x424.jpg 600w, https:\/\/baer-wolf-luchs.at\/wp-content\/uploads\/2024\/12\/oez_wolfsnachweise_2022-1-1024x724.jpg 1024w, https:\/\/baer-wolf-luchs.at\/wp-content\/uploads\/2024\/12\/oez_wolfsnachweise_2022-1-768x543.jpg 768w\" sizes=\"auto, (max-width: 1123px) 100vw, 1123px\" \/>\n\t\t\t\t<\/a>\n\t\t\t\t<a href=\"https:\/\/baer-wolf-luchs.at\/wp-content\/uploads\/2024\/12\/2023_Wolfsnachweise_Oesterreich-scaled.jpg\" target=\"_self\" itemprop=\"url\">\n\t\t\t\t<img loading=\"lazy\" decoding=\"async\" src=\"https:\/\/baer-wolf-luchs.at\/wp-content\/uploads\/2024\/12\/2023_Wolfsnachweise_Oesterreich-scaled.jpg\" alt=\"2023_Wolfsnachweise_Oesterreich\" height=\"1811\" width=\"2560\" title=\"2023_Wolf sightings_Austria\" onerror=\"this.style.display='none'\"  itemprop=\"image\" srcset=\"https:\/\/baer-wolf-luchs.at\/wp-content\/uploads\/2024\/12\/2023_Wolfsnachweise_Oesterreich-scaled.jpg 2560w, https:\/\/baer-wolf-luchs.at\/wp-content\/uploads\/2024\/12\/2023_Wolfsnachweise_Oesterreich-600x424.jpg 600w, https:\/\/baer-wolf-luchs.at\/wp-content\/uploads\/2024\/12\/2023_Wolfsnachweise_Oesterreich-1024x724.jpg 1024w, https:\/\/baer-wolf-luchs.at\/wp-content\/uploads\/2024\/12\/2023_Wolfsnachweise_Oesterreich-768x543.jpg 768w, https:\/\/baer-wolf-luchs.at\/wp-content\/uploads\/2024\/12\/2023_Wolfsnachweise_Oesterreich-1536x1086.jpg 1536w, https:\/\/baer-wolf-luchs.at\/wp-content\/uploads\/2024\/12\/2023_Wolfsnachweise_Oesterreich-2048x1449.jpg 2048w, https:\/\/baer-wolf-luchs.at\/wp-content\/uploads\/2024\/12\/2023_Wolfsnachweise_Oesterreich-18x12.jpg 18w\" sizes=\"auto, (max-width: 2560px) 100vw, 2560px\" \/>\n\t\t\t\t<\/a>\n\t\t\t\t<a href=\"https:\/\/baer-wolf-luchs.at\/wp-content\/uploads\/2024\/12\/oez_wolfsnachweise_2021-1024x724-1.jpg\" target=\"_self\" itemprop=\"url\">\n\t\t\t\t<img loading=\"lazy\" decoding=\"async\" src=\"https:\/\/baer-wolf-luchs.at\/wp-content\/uploads\/2024\/12\/oez_wolfsnachweise_2021-1024x724-1.jpg\" alt=\"oez_wolfsnachweise_2021-1024x724\" height=\"724\" width=\"1024\" title=\"oez_wolfsnachweise_2021-1024x724\" onerror=\"this.style.display='none'\"  itemprop=\"image\" srcset=\"https:\/\/baer-wolf-luchs.at\/wp-content\/uploads\/2024\/12\/oez_wolfsnachweise_2021-1024x724-1.jpg 1024w, https:\/\/baer-wolf-luchs.at\/wp-content\/uploads\/2024\/12\/oez_wolfsnachweise_2021-1024x724-1-600x424.jpg 600w, https:\/\/baer-wolf-luchs.at\/wp-content\/uploads\/2024\/12\/oez_wolfsnachweise_2021-1024x724-1-768x543.jpg 768w\" sizes=\"auto, (max-width: 1024px) 100vw, 1024px\" \/>\n\t\t\t\t<\/a>\n\t\t\t\t<a href=\"https:\/\/baer-wolf-luchs.at\/wp-content\/uploads\/2024\/12\/oez_wolfsnachweise_2020_web-1-1024x531-1.jpg\" target=\"_self\" itemprop=\"url\">\n\t\t\t\t<img loading=\"lazy\" decoding=\"async\" src=\"https:\/\/baer-wolf-luchs.at\/wp-content\/uploads\/2024\/12\/oez_wolfsnachweise_2020_web-1-1024x531-1.jpg\" alt=\"oez_wolfsnachweise_2020_web-1-1024x531\" height=\"531\" width=\"1024\" title=\"oez_wolfsnachweise_2020_web-1-1024x531\" onerror=\"this.style.display='none'\"  itemprop=\"image\" srcset=\"https:\/\/baer-wolf-luchs.at\/wp-content\/uploads\/2024\/12\/oez_wolfsnachweise_2020_web-1-1024x531-1.jpg 1024w, https:\/\/baer-wolf-luchs.at\/wp-content\/uploads\/2024\/12\/oez_wolfsnachweise_2020_web-1-1024x531-1-600x311.jpg 600w, https:\/\/baer-wolf-luchs.at\/wp-content\/uploads\/2024\/12\/oez_wolfsnachweise_2020_web-1-1024x531-1-768x398.jpg 768w\" sizes=\"auto, (max-width: 1024px) 100vw, 1024px\" \/>\n\t\t\t\t<\/a>\n\t\t\t\t<a href=\"https:\/\/baer-wolf-luchs.at\/wp-content\/uploads\/2024\/12\/karte_wolfsnachweise_2019_web-1-1024x522-1.jpg\" target=\"_self\" itemprop=\"url\">\n\t\t\t\t<img loading=\"lazy\" decoding=\"async\" src=\"https:\/\/baer-wolf-luchs.at\/wp-content\/uploads\/2024\/12\/karte_wolfsnachweise_2019_web-1-1024x522-1.jpg\" alt=\"karte_wolfsnachweise_2019_web-1-1024x522\" height=\"522\" width=\"1024\" title=\"map_wolf_evidence_2019_web-1-1024x522\" onerror=\"this.style.display='none'\"  itemprop=\"image\" srcset=\"https:\/\/baer-wolf-luchs.at\/wp-content\/uploads\/2024\/12\/karte_wolfsnachweise_2019_web-1-1024x522-1.jpg 1024w, https:\/\/baer-wolf-luchs.at\/wp-content\/uploads\/2024\/12\/karte_wolfsnachweise_2019_web-1-1024x522-1-600x306.jpg 600w, https:\/\/baer-wolf-luchs.at\/wp-content\/uploads\/2024\/12\/karte_wolfsnachweise_2019_web-1-1024x522-1-768x392.jpg 768w\" sizes=\"auto, (max-width: 1024px) 100vw, 1024px\" \/>\n\t\t\t\t<\/a>","protected":false},"excerpt":{"rendered":"<p>Wolf Verbreitung Wolf Hilfe Aktuell Verf\u00fcgbare Nachweise stammen von Rissbegutachtungen, der J\u00e4gerschaft, den Bundesl\u00e4ndern sowie Privatpersonen. Dargestellt werden ausschlie\u00dflich C1 Nachweise entsprechend den SCALP-Kriterien. In Europa werden aktuell neun Populationen unterschieden, siehe\u00a0\u201eLarge Carnivore Initiative for Europe&#8220;. Nach \u00d6sterreich wandern aktuell Individuen aus folgenden Populationen ein: Alpine Population, Dinarisch-balkanische Population, Karpatenpopulation, Mitteleurop\u00e4ische Tieflandpopulation. Wolf Kartenarchiv Download &#8230; <a title=\"Wolf \u2013 Distribution Austria\" class=\"read-more\" href=\"https:\/\/baer-wolf-luchs.at\/en\/verbreitungskarten\/wolf-verbreitung\/\" aria-label=\"Read more about Wolf \u2013 Verbreitung \u00d6sterreich\">Read more<\/a><\/p>","protected":false},"author":6,"featured_media":0,"parent":4427,"menu_order":0,"comment_status":"closed","ping_status":"closed","template":"","meta":{"footnotes":""},"class_list":["post-4973","page","type-page","status-publish"],"_links":{"self":[{"href":"https:\/\/baer-wolf-luchs.at\/en\/wp-json\/wp\/v2\/pages\/4973","targetHints":{"allow":["GET"]}}],"collection":[{"href":"https:\/\/baer-wolf-luchs.at\/en\/wp-json\/wp\/v2\/pages"}],"about":[{"href":"https:\/\/baer-wolf-luchs.at\/en\/wp-json\/wp\/v2\/types\/page"}],"author":[{"embeddable":true,"href":"https:\/\/baer-wolf-luchs.at\/en\/wp-json\/wp\/v2\/users\/6"}],"replies":[{"embeddable":true,"href":"https:\/\/baer-wolf-luchs.at\/en\/wp-json\/wp\/v2\/comments?post=4973"}],"version-history":[{"count":11,"href":"https:\/\/baer-wolf-luchs.at\/en\/wp-json\/wp\/v2\/pages\/4973\/revisions"}],"predecessor-version":[{"id":5932,"href":"https:\/\/baer-wolf-luchs.at\/en\/wp-json\/wp\/v2\/pages\/4973\/revisions\/5932"}],"up":[{"embeddable":true,"href":"https:\/\/baer-wolf-luchs.at\/en\/wp-json\/wp\/v2\/pages\/4427"}],"wp:attachment":[{"href":"https:\/\/baer-wolf-luchs.at\/en\/wp-json\/wp\/v2\/media?parent=4973"}],"curies":[{"name":"wp","href":"https:\/\/api.w.org\/{rel}","templated":true}]}}