{"id":4865,"date":"2024-12-11T14:57:38","date_gmt":"2024-12-11T13:57:38","guid":{"rendered":"https:\/\/baer-wolf-luchs.agency-11.com\/?page_id=4865"},"modified":"2026-01-28T10:28:38","modified_gmt":"2026-01-28T09:28:38","slug":"entschadigung","status":"publish","type":"page","link":"https:\/\/baer-wolf-luchs.at\/en\/hilfe-bei\/entschadigung\/","title":{"rendered":"Compensation"},"content":{"rendered":"<h1  id=\"subpage_title\">\n\t\t\tWITH COMPETENCE\t<\/h1>\n<h3>\n\t\t\toverview of the federal states\t<\/h3>\n<h4>\n\t\t\tCarinthia\t<\/h4>\n\t<p>In 2019, as part of the\u00a0<a href=\"https:\/\/www.ris.bka.gv.at\/GeltendeFassung.wxe?Abfrage=LrK&amp;Gesetzesnummer=20000327\" target=\"_blank\" rel=\"noopener\">Carinthian Game Damage Fund Act-K-WSchFG<\/a>\u00a0the\u00a0<a href=\"https:\/\/www.ktn.gv.at\/Verwaltung\/Amt-der-Kaerntner-Landesregierung\/Abteilung-10\/News?nid=144\" target=\"_blank\" rel=\"noopener\"><em>Carinthian Game Damage Fund<\/em><\/a>\u00a0furnished.<\/p>\n<p>Financial support is primarily provided for damage caused directly. In addition to damage to beehives, colonies and beehives, damage to killed or injured livestock is also compensated within the framework of the Carinthian Game Damage Fund. In addition, support is provided for missing livestock if it can be proven that there were attacks on the alpine pasture in question or on the adjacent pasture during the alpine season in question. Regardless of compensation for direct damage, the fund also provides for the provision of support in particularly worthy cases, if the fund&#039;s resources are sufficient for this, even in deviation from the guidelines by way of goodwill.<\/p>\n<p>If the annual funds available in the fund are sufficient to cover all damage, compensation for the damage caused by the large predator can be made in accordance with the guidelines. A proportional reduction in the amount of support will only take place if the annual funds available in the fund are insufficient.<\/p>\n<p><strong>Contact<\/strong><\/p>\n<strong>Applications:<\/strong><br \/>\nOffice of the Carinthian State Government<br \/>\nDepartment 10 Agriculture and Forestry, Rural Areas<br \/>\nMie\u00dftalerstra\u00dfe 1<br \/>\n9021 Klagenfurt am W\u00f6rthersee<br \/>\n<a href=\"mailto:abt10.agrarrecht@ktn.gv.at\" target=\"_blank\" rel=\"noopener\">abt10.agrarrecht@ktn.gv.at<\/a>\n<p>Mag. Roman Kirnbauer Bakk.\u00a0<a href=\"mailto:roman.kirnbauer@ktn.gv.at\">roman.kirnbauer@ktn.gv.at<\/a><\/p>\n<h4>\n\t\t\tLower Austria\t<\/h4>\n\t<p>Lower Austria compensates confirmed attacks on livestock by bears, wolves and lynx through a project run by the Landscape Fund, which also finances accompanying research into the wildlife ecology of large predators. The compensation rates are agreed with the representatives of the victims (the State Chamber of Agriculture and breeding associations). <\/p>\n<p><strong>Contact<\/strong><\/p>\n<a href=\"https:\/\/www.noe.gv.at\/noe\/Naturschutz\/Wildtier_Wolf.html\" target=\"_blank\" rel=\"noopener\">General information<\/a><br \/>\nIf possible, send a photo of the killed or injured farm animal by email to\u00a0<a href=\"mailto:wildtier@noel.gv.at\">wildtier@noel.gv.at<\/a>\nOffice of the Lower Austrian State Government<br \/>\nDepartment of Nature Conservation<br \/>\nLandhausplatz 1, House 16<br \/>\n3109 St. P\u00f6lten<br \/>\n<a href=\"mailto:post.ru5@noel.gv.at\">post.ru5@noel.gv.at<\/a>\n<h4>\n\t\t\tUpper Austria\t<\/h4>\n\t<p>In Upper Austria, damages are compensated according to the compensation rates calculated by the Upper Austrian Chamber of Agriculture. The funds come from the state&#039;s agricultural budget.<\/p>\n<p><strong>Contact<\/strong><\/p>\n<p><a href=\"https:\/\/www.land-oberoesterreich.gv.at\/wolfsinfo.htm\" target=\"_blank\" rel=\"noopener\">wolf management<\/a><\/p>\nOffice of the Upper Austrian State Government<br \/>\nDepartment of Agriculture and Forestry<br \/>\nBahnhofplatz 1<br \/>\n4021 Linz<br \/>\n<u><a href=\"mailto:lfw.post@ooe.gv.at\">lfw.post@ooe.gv.at<\/a><\/u><br \/>\nMag. Manuela Kopecky, phone no. +43 732 7720-11800\n<a href=\"https:\/\/e-gov.ooe.gv.at\/fs_lfw\/start.do?event=view&amp;generalid=lfw005wolfsriss\" target=\"_blank\" rel=\"noopener\">online application<\/a><br \/>\n<a href=\"https:\/\/www.land-oberoesterreich.gv.at\/Mediendateien\/Formulare\/Formulare%20Land-%20und%20Forstwirtschaft\/LWLD_LFW_E87.pdf\" target=\"_blank\" rel=\"noopener\">form as download<\/a>\n<h4>\n\t\t\tSalzburg\t<\/h4>\n\t<p>The state of Salzburg pays compensation based on market values. Not only dead animals are compensated, but also animals that are injured or later die of injuries. In most cases, missing animals are also compensated on a goodwill basis if the connection to the attack can be clearly established.<\/p>\n<p>See\u00a0<a href=\"https:\/\/www.salzburg.gv.at\/themen\/aw\/richtlinie-wolf\" target=\"_blank\" rel=\"noopener\">Wolf, Beaver and Otter Directive<\/a><\/p>\n<p><strong>Contact<\/strong><\/p>\nwolf commissioner<br \/>\nDI Hannes \u00dcblagger<strong><br \/>\n<\/strong>+43 664 155 66 20<br \/>\n<a href=\"mailto:hubert.stock@salzburg.gv.at\">hannes.ueblagger@salzburg.gv.at<\/a>\n<h4>\n\t\t\tStyria\t<\/h4>\n\t<p>Styria has an insurance model with fixed compensation rates that were determined together with representatives of the Chamber of Agriculture. The costs of the insurance are paid by the state, half from the nature conservation budget and half from the agriculture budget.<\/p>\n<p><strong>Contact<\/strong><\/p>\n<p>Antrag erfolgt \u00fcber den Rissbegutachter\/die Rissbegutachterin &#8211; siehe\u00a0<a href=\"https:\/\/baer-wolf-luchs.at\/en\/verhalten_riss.htm\/#stmk\" target=\"_blank\" rel=\"noopener\">crack assessor Styria<\/a><\/p>\n<p><a href=\"https:\/\/www.agrar.steiermark.at\/cms\/beitrag\/11946668\/100812449\/\" target=\"_blank\" rel=\"noopener\">General information<\/a><\/p>\n<h4>\n\t\t\tTyrol\t<\/h4>\n\t<p>Since 2012, the state of Tyrol has had a guideline for compensation payments for damage caused by large predators. Currently, direct and indirect damage caused by large predators is compensated by the state of Tyrol; previously, direct damage caused by a predator was reimbursed by the insurance of the Tyrolean Hunters&#039; Association.<\/p>\n<p>Similar to Salzburg, there are also goodwill arrangements in Tyrol: The state of Tyrol pays compensation in cases where no direct proof can be provided, but the attack was very likely caused by a large predator. This probability is assessed based on the damage or attack assessment and all other available data.<\/p>\n<p>Tyrol also applies standardized cost rates for compensation. They are based on auction and market prices that are updated annually. Since 2019, additional feed costs incurred in the event of premature cattle drives have been compensated if attacks occur repeatedly in some areas. Support is also available for necessary animal rescues and veterinary costs. The processing and payment of compensation payments is carried out by the state of Tyrol.<\/p>\n<p><a href=\"https:\/\/www.tirol.gv.at\/buergerservice\/e-government\/formulare\/ansuchen-fuer-die-abwicklung-von-schaeden-durch-grosse-beutegreifer\/\" target=\"_blank\" rel=\"noopener\">Application for the settlement of damage caused by large predators<\/a><\/p>\n<p><strong>Contact<\/strong><\/p>\n<a href=\"http:\/\/www.tirol.gv.at\/schadenmeldung\" target=\"_blank\" rel=\"noopener\">damage report<\/a><br \/>\nContact: <a href=\"https:\/\/www.tirol.gv.at\/telefonbuch\/bww\/organisationseinheit\/oe\/300096\/ag\/0\/\" target=\"_blank\" rel=\"noopener\">Department of Agricultural Education and Agricultural Law<\/a><br \/>\nE-mail: <a href=\"mailto:landw.schulwesen@tirol.gv.at\" target=\"_blank\" rel=\"noopener\">landw.schulwesen@tirol.gv.at<\/a>\n<h4>\n\t\t\tVorarlberg\t<\/h4>\n\t<p>The state of Vorarlberg pays fixed compensation amounts based on market values. This compensation is paid for animals found dead or injured, which are recorded in the official report of the animal attack assessor. In the case of animals kept in herd pens, the amount of compensation is determined based on an assessment by an expert from the Vorarlberg Chamber of Agriculture.<\/p>\n<p><strong>Contact<\/strong><\/p>\n<p>information\u00a0<a href=\"https:\/\/vorarlberg.at\/-\/wolfsmanagement\" target=\"_blank\" rel=\"noopener\">Wolfsmanagement &#8211; Koordination in Vorarlberg<\/a><\/p>\nstate of Vorarlberg<br \/>\nDepartment of Agriculture and Rural Areas<br \/>\nLandhaus, R\u00f6merstr. 15<br \/>\n6901 Bregenz\n<strong>contact person<\/strong><br \/>\nDI Hubert Schatz<br \/>\nTel. +43\/664\/6255311<br \/>\nE-mail:\u00a0<a href=\"mailto:hubert.schatz@vorarlberg.at\">hubert.schatz@vorarlberg.at<\/a>","protected":false},"excerpt":{"rendered":"<p>MIT KOMPETENZ \u00dcbersicht der Bundesl\u00e4nder K\u00e4rnten Im Jahr 2019 wurde im Rahmen des\u00a0K\u00e4rntner Wildschadensfondsgesetzes-K-WSchFG\u00a0der\u00a0K\u00e4rntner Wildschadensfond\u00a0eingerichtet. In erster Linie werden finanzielle Unterst\u00fctzungen f\u00fcr unmittelbar verursachte Sch\u00e4den gew\u00e4hrt. Neben Sch\u00e4den an Bienenst\u00f6cken, -V\u00f6lkern und Bienenh\u00fctten werden auch Sch\u00e4den an gerissenen und verletzten Nutztieren im Rahmen des K\u00e4rntner Wildschadensfonds abgegolten. Zus\u00e4tzlich werden Unterst\u00fctzungsleistungen f\u00fcr vermisste Nutztiere erbracht, sofern &#8230; <a title=\"Compensation\" class=\"read-more\" href=\"https:\/\/baer-wolf-luchs.at\/en\/hilfe-bei\/entschadigung\/\" aria-label=\"Read more about Entsch\u00e4digung\">Read more<\/a><\/p>","protected":false},"author":6,"featured_media":0,"parent":4843,"menu_order":0,"comment_status":"closed","ping_status":"closed","template":"","meta":{"footnotes":""},"class_list":["post-4865","page","type-page","status-publish"],"_links":{"self":[{"href":"https:\/\/baer-wolf-luchs.at\/en\/wp-json\/wp\/v2\/pages\/4865","targetHints":{"allow":["GET"]}}],"collection":[{"href":"https:\/\/baer-wolf-luchs.at\/en\/wp-json\/wp\/v2\/pages"}],"about":[{"href":"https:\/\/baer-wolf-luchs.at\/en\/wp-json\/wp\/v2\/types\/page"}],"author":[{"embeddable":true,"href":"https:\/\/baer-wolf-luchs.at\/en\/wp-json\/wp\/v2\/users\/6"}],"replies":[{"embeddable":true,"href":"https:\/\/baer-wolf-luchs.at\/en\/wp-json\/wp\/v2\/comments?post=4865"}],"version-history":[{"count":3,"href":"https:\/\/baer-wolf-luchs.at\/en\/wp-json\/wp\/v2\/pages\/4865\/revisions"}],"predecessor-version":[{"id":5745,"href":"https:\/\/baer-wolf-luchs.at\/en\/wp-json\/wp\/v2\/pages\/4865\/revisions\/5745"}],"up":[{"embeddable":true,"href":"https:\/\/baer-wolf-luchs.at\/en\/wp-json\/wp\/v2\/pages\/4843"}],"wp:attachment":[{"href":"https:\/\/baer-wolf-luchs.at\/en\/wp-json\/wp\/v2\/media?parent=4865"}],"curies":[{"name":"wp","href":"https:\/\/api.w.org\/{rel}","templated":true}]}}