{"id":4855,"date":"2024-12-11T14:46:10","date_gmt":"2024-12-11T13:46:10","guid":{"rendered":"https:\/\/baer-wolf-luchs.agency-11.com\/?page_id=4855"},"modified":"2025-10-30T15:45:01","modified_gmt":"2025-10-30T14:45:01","slug":"riss","status":"publish","type":"page","link":"https:\/\/baer-wolf-luchs.at\/en\/hilfe-bei\/riss\/","title":{"rendered":"crack"},"content":{"rendered":"<h1  id=\"subpage_title\">\n\t\t\tWITH COMPETENCE\t<\/h1>\n\t<blockquote><p>In the case of livestock presumably killed by a large predator, the following measures should be taken immediately:<\/p><\/blockquote>\n\t<ol>\n<li>Contact the relevant authority immediately (see contact details below), also to determine the next steps.<\/li>\n<li>The killed animal or damaged beehives <strong>not<\/strong> Do not move the site or make any further manipulations at the location where it was found.<\/li>\n<li>Protect the carcass from the elements (e.g., by covering it with a tarpaulin). Minimize your own tracks to avoid destroying traces left by predators.<\/li>\n<li>Keep other animals away from the carcass.<\/li>\n<li>The crack assessor evaluates the case on site and provides information about possible compensation.<\/li>\n<\/ol>\n<p><strong>These measures increase the chances of providing evidence of predators and thus receiving compensation.<\/strong><\/p>\n\t<p>The costs for assessment, sampling, and analysis are borne by the federal states. The Austrian Center for Bear, Wolf, and Lynx coordinates the billing.<\/p>\n<p><strong>The quality of the DNA samples depends on the following factors.<\/strong><\/p>\n<ul>\n<li>Decomposition status: the more advanced the decomposition, the lower the DNA quality.<\/li>\n<li>weather influences<\/li>\n<li>Subsequent use by other wild animals or scavengers (birds, foxes, small animals, insects, etc.)<\/li>\n<li>Contamination from soil or the found animal&#039;s own blood<\/li>\n<\/ul>\n<h3>\n\t\t\tcontact points of the federal states\t<\/h3>\n<h4>\n\t\t\tBurgenland\t<\/h4>\n\tBH Eisenstadt-Umgebung: Tel. <a href=\"tel:+43576004164\">+43 57 600-4164<\/a><br \/>\nBH G\u00fcssing: Tel. <a href=\"tel:+43576004691\">+43 57 600-4691<\/a><br \/>\nBH Jennersdorf: Tel. <a href=\"tel:+43576004700\">+43 57 600-4700<\/a><br \/>\nBH Mattersburg: Tel. <a href=\"tel:+43576004300\">+4357 600-4300<\/a><br \/>\nBH Neusiedl am See: Tel. <a href=\"tel:+43576004299\">+4357 600-4299<\/a><br \/>\nOberpullendorf District Office: Tel. <a href=\"tel:+43576004499\">+4357 600-4499<\/a><br \/>\nBH Oberwart: Tel. <a href=\"tel:+43576004591\">+43 57 600-4591<\/a>\n<p>even outside office hours<\/p>\n<h4>\n\t\t\tCarinthia\t<\/h4>\n\t<p>Report a possible damage or crack incident to: <a href=\"tel:+436648053611499\">+43 664 80536 11499<\/a><\/p>\nMonday to Thursday 7:30 a.m. to 4:00 p.m.,<br \/>\nFriday from 7:30 a.m. to 1:00 p.m.<br \/>\nAll callers who receive this information will receive detailed instructions on how to proceed via their mobile mailbox and will be contacted within 24 hours.\n<h4>\n\t\t\tLower Austria\t<\/h4>\n\t<p>Report a possible damage or crack incident using one of the following options:<\/p>\nPhone: <a href=\"tel:+43274290059100\">+43 2742 9005-9100<\/a><br \/>\nRegistration form: <a href=\"https:\/\/www.noe.gv.at\/noe\/Naturschutz\/Kontaktformular_Wolf.pdf\">https:\/\/www.noe.gv.at\/noe\/Naturschutz\/Kontaktformular_Wolf.pdf<\/a><br \/>\nor to the responsible district administrative authority (BH)\n<p>If it is possible to take a photo of the killed or injured farm animal, send it by email to <a href=\"mailto:wildtier@noel.gv.at\">wildtier@noel.gv.at<\/a><\/p>\n<p>&nbsp;<\/p>\n<h4>\n\t\t\tUpper Austria\t<\/h4>\n\t<p>Report a possible damage or crack incident to:<\/p>\n<a href=\"tel:+43732772011812\">+43 732 7720-11812<\/a> <strong>while<\/strong> office hours<br \/>\n<a href=\"tel:+43732772018889\">+43 732 7720-18889<\/a> <strong>outside<\/strong> office hours\n<h4>\n\t\t\tSalzburg\t<\/h4>\n\t<p>Report any potential damage or attack incident directly to the wolf officer, DI Hannes \u00dcblagger.<\/p>\n<p>under <a href=\"tel:+436644406454\">+43 664 4406454<\/a><\/p>\n<p>&nbsp;<\/p>\n<h4>\n\t\t\tStyria\t<\/h4>\n\tReporting of possible damage or cracking to the responsible official crack assessors see:<br \/>\n<a href=\"https:\/\/www.agrar.steiermark.at\/cms\/beitrag\/11944042\/100807466\/\">Gro\u00dfe Beutegreifer &#8211; Wiederkehrende Arten\u00a0&#8211;\u00a0Agrar-Server Land Steiermark<\/a>\n<p>&nbsp;<\/p>\n<h4>\n\t\t\tTyrol\t<\/h4>\n\t<p>Report any possible damage or cracking incident to the district authority or police.<\/p>\nFor urgent damage reports, the journal service can be contacted outside office hours:<br \/>\nFriday 2:00 pm to 4:00 pm<br \/>\nSaturday, Sunday and public holidays 09:00 to 12:00.<br \/>\nDuring other times, please call the relevant police district control center (BLS).\n<p>For contacts see: <a href=\"https:\/\/www.tirol.gv.at\/landwirtschaft-forstwirtschaft\/agrar\/rechtliche-bestimmungen-in-der-landwirtschaft\/beutegreifer\/meldung\/schadenmeldung\/\">Tyrolean state government on the damage report after a crack incident<\/a><\/p>\n<p>&nbsp;<\/p>\n<h4>\n\t\t\tVorarlberg\t<\/h4>\n\t<p>Reporting a possible damage or crack incident to<\/p>\nDI Hubert Schatz<br \/>\nwildlife ecologist of the state of Vorarlberg<br \/>\n<a href=\"tel:+436646255311\">+43 664 6255311<\/a>\n<p>otherwise with the official veterinarian on duty.<\/p>\n<h4>\n\t\t\tVienna\t<\/h4>\n\t<p>If you have any questions about wild animals or if you have found an injured or distressed wild animal, you can contact the Vienna Wildlife Service of the Forestry and Agriculture Department (MA 49) every day from 7:30 a.m. to 10 p.m., telephone:\u00a0<a href=\"tel:+431400049090\">+43 1 4000-49090<\/a>.<\/p>\n<p>Outside of these hours, you can contact the wildlife service in acute emergencies via the Vienna City Service. Telephone: <a href=\"tel:+4314000\">+43 1 4000<\/a><\/p>\n<p>&nbsp;<\/p>","protected":false},"excerpt":{"rendered":"<p>MIT KOMPETENZ Bei einem vermutlich von einem gro\u00dfen Beutegreifer gerissenen Nutztier sollten folgende Ma\u00dfnahmen umgehend getroffen werden: Unmittelbare Kontaktaufnahme mit der zust\u00e4ndigen Stelle (Kontakte siehe unten), auch um die weitere Vorgehensweise zu eruieren. Das gerissene Tier oder besch\u00e4digte Bienenst\u00f6cke nicht bewegen sowie keine weiteren Manipulationen am Fundort vornehmen. Den Kadaver vor Witterungseinfl\u00fcssen sch\u00fctzen (z.B. durch &#8230; <a title=\"crack\" class=\"read-more\" href=\"https:\/\/baer-wolf-luchs.at\/en\/hilfe-bei\/riss\/\" aria-label=\"Read more about Riss\">Read more<\/a><\/p>","protected":false},"author":6,"featured_media":0,"parent":4843,"menu_order":0,"comment_status":"closed","ping_status":"closed","template":"","meta":{"footnotes":""},"class_list":["post-4855","page","type-page","status-publish"],"_links":{"self":[{"href":"https:\/\/baer-wolf-luchs.at\/en\/wp-json\/wp\/v2\/pages\/4855","targetHints":{"allow":["GET"]}}],"collection":[{"href":"https:\/\/baer-wolf-luchs.at\/en\/wp-json\/wp\/v2\/pages"}],"about":[{"href":"https:\/\/baer-wolf-luchs.at\/en\/wp-json\/wp\/v2\/types\/page"}],"author":[{"embeddable":true,"href":"https:\/\/baer-wolf-luchs.at\/en\/wp-json\/wp\/v2\/users\/6"}],"replies":[{"embeddable":true,"href":"https:\/\/baer-wolf-luchs.at\/en\/wp-json\/wp\/v2\/comments?post=4855"}],"version-history":[{"count":1,"href":"https:\/\/baer-wolf-luchs.at\/en\/wp-json\/wp\/v2\/pages\/4855\/revisions"}],"predecessor-version":[{"id":5670,"href":"https:\/\/baer-wolf-luchs.at\/en\/wp-json\/wp\/v2\/pages\/4855\/revisions\/5670"}],"up":[{"embeddable":true,"href":"https:\/\/baer-wolf-luchs.at\/en\/wp-json\/wp\/v2\/pages\/4843"}],"wp:attachment":[{"href":"https:\/\/baer-wolf-luchs.at\/en\/wp-json\/wp\/v2\/media?parent=4855"}],"curies":[{"name":"wp","href":"https:\/\/api.w.org\/{rel}","templated":true}]}}