{"id":4841,"date":"2024-12-11T14:30:02","date_gmt":"2024-12-11T13:30:02","guid":{"rendered":"https:\/\/baer-wolf-luchs.agency-11.com\/?page_id=4841"},"modified":"2026-04-13T10:45:48","modified_gmt":"2026-04-13T08:45:48","slug":"pravention-forderung","status":"publish","type":"page","link":"https:\/\/baer-wolf-luchs.at\/en\/hilfe-bei\/pravention-forderung\/","title":{"rendered":"Prevention - Promotion"},"content":{"rendered":"<h1  id=\"subpage_title\">\n\t\t\tWITH COMPETENCE\t<\/h1>\n<h3>\n\t\t\toverview of the federal states\t<\/h3>\n<h4>\n\t\t\tBurgenland\t<\/h4>\n\t<p>Currently, no livestock protection measures are being subsidized.<\/p>\n<h4>\n\t\t\tCarinthia\t<\/h4>\n\t<p>Currently, no livestock protection measures are being subsidized.<\/p>\n<h4>\n\t\t\tLower Austria\t<\/h4>\n\t<b>Fence material:<br \/>\n<\/b>\n<p>80% of the net material costs for renewal, upgrading or new construction of fences for sheep, goats, calves, horses, alpacas and llamas.<\/p>\n<p>More information about the <a href=\"https:\/\/noe.lko.at\/mitarbeiter+2400++900438+1237?env=c2hvcnRrZXk9MTAwMDk3MA\" target=\"_blank\" rel=\"noopener\">Lower Austrian Chamber of Agriculture<\/a>, Nutztierhaltung und Weidewirtschaft, Reinhard Gastecker &#8211; <a href=\"mailto:reinhard.gastecker@lk-noe.at\">reinhard.gastecker@lk-noe.at <\/a>; Telephone: 05 0259 23203<\/p>\n<h4>\n\t\t\tUpper Austria\t<\/h4>\n\t<strong>Fence material: <\/strong><br \/>\n50 % of the net material costs for renewal and upgrading or new construction of fences for sheep, goats and calves (young cattle up to 12 months); the prerequisite is that the fence exceeds the minimum requirements of a standard electric fence and ensures basic protection against large predators (recommendations of the Austrian Centre for Bear, Wolf and Lynx).<br \/>\n<strong>GPS tracker:<br \/>\n<\/strong>50 % of the net material costs for GPS trackers for sheep and goats.<br \/>\n<strong>Livestock guardian dogs:<br \/>\n<\/strong>The purchase of livestock guardian dogs can be supported; the amount will be decided on a case-by-case basis (minimum 150 sheep).\n<p>Further information is available for download as a PDF. <a href=\"https:\/\/baer-wolf-luchs.at\/wp-content\/uploads\/2023\/03\/Der_Wolf_in_Oberoesterreich.pdf\">The Wolf in Upper Austria<\/a><\/p>\n<h4>\n\t\t\tSalzburg\t<\/h4>\n\t<strong>Fence material:<br \/>\n<\/strong>Investments for retrofitting or purchasing new fences, including accessories, for implementing livestock protection. 50% of the eligible costs, up to a maximum of \u20ac3,000. No new application is possible within a 5-year period.\n<strong>GPS tracker:<br \/>\n<\/strong>50% covers the cost of a new device, up to a maximum of \u20ac80.00 per unit. Sheep and goats aged one year and older, with a minimum of 60 days spent on alpine pastures, are eligible. Depending on the herd size, a maximum of three GPS collar transmitters will be subsidized, with a total subsidy of up to \u20ac240. No new application is permitted within a five-year period.\n<strong>Livestock guardian dogs:<br \/>\n<\/strong>Schafe: bis 200 Schafe &#8211; 50 % der Anschaffungskosten von zwei Herdenschutzhunden, maximal 1.100 \u20ac pro Hund.<br \/>\nFor farms with 200 or more sheep, one additional livestock guardian dog is eligible for funding for every additional 100 sheep, but no more than 4 dogs.<br \/>\nOther farm animals: 50 % of the acquisition costs after individual review, maximum \u20ac1,100 per dog for a maximum of 4 dogs<strong>.<\/strong>\n<br \/>\nFurther information: <a href=\"https:\/\/www.salzburg.gv.at\/themen\/aw\/richtlinie-wolf\">Wolf, Beaver and Otter Directive<\/a>\n<h4>\n\t\t\tStyria\t<\/h4>\n\t<p>Currently, no livestock protection measures are being subsidized.<\/p>\n<p>&nbsp;<\/p>\n<h4>\n\t\t\tTyrol\t<\/h4>\n\t<strong>Fence material:<br \/>\n<\/strong>60% Purchase of electric fences for sheep and goats. The prerequisite is that the fence exceeds the minimum requirements of a standard electric fence and provides basic protection against large predators.<br \/>\nFurther information: <a href=\"https:\/\/www.tirol.gv.at\/landwirtschaft-forstwirtschaft\/agrar\/rechtliche-bestimmungen-in-der-landwirtschaft\/beutegreifer\/herdenschutz\/effiziente-elektrische-herdenschutzzaeune\/\">Efficient electric safety fences<\/a>\n<strong>GPS tracker:<br \/>\n<\/strong>50% for GPS trackers via the Tyrolean Sheep and Goat Breeders&#039; Association: maximum 5 devices, staggered: 1 tracker with protective cover per 10 animals, from 41 animals 5 trackers with protective cover, at a maximum of \u20ac75 per device.\n<p>Further information: <a href=\"https:\/\/schafundziege.tirol\/downloads\">https:\/\/schafundziege.tirol\/downloads<\/a><\/p>\n<h4>\n\t\t\tVorarlberg\t<\/h4>\n\t<strong>Technical herd protection:<br \/>\n<\/strong>For sheep and goats (from 10 animals, older than 1 year), the following maximum eligible costs per year apply:\n<ul data-start=\"258\" data-end=\"371\">\n<li data-section-id=\"nu7km6\" data-start=\"258\" data-end=\"284\"><strong data-start=\"260\" data-end=\"276\">10-19 Tiere:\u00a0 \u00a0 \u00a0 \u00a0<\/strong>500 \u20ac<\/li>\n<li data-section-id=\"1fdn602\" data-start=\"285\" data-end=\"313\"><strong data-start=\"287\" data-end=\"303\">20-49 Tiere:\u00a0 \u00a0 \u00a0 \u00a0<\/strong>1.000 \u20ac<\/li>\n<li data-section-id=\"12q91e3\" data-start=\"314\" data-end=\"342\"><strong data-start=\"316\" data-end=\"332\">50-99 Tiere:\u00a0 \u00a0 \u00a0 \u00a0<\/strong>2.000 \u20ac<\/li>\n<li data-section-id=\"2uzz9c\" data-start=\"343\" data-end=\"371\"><strong data-start=\"345\" data-end=\"363\">From 100 animals:<\/strong>\u00a0 \u00a03.000 \u20ac<\/li>\n<\/ul>\nThe specified maximum amounts can be claimed a maximum of two times within the validity period of the directive.\n<ul data-start=\"524\" data-end=\"739\">\n<li data-section-id=\"141f0j\" data-start=\"524\" data-end=\"648\">Funding amounts already received must be taken into account if the funded technical herd protection system is still intact.<\/li>\n<li data-section-id=\"1pzk5x2\" data-start=\"649\" data-end=\"739\">Costs incurred must be documented by invoices and proof of payment.<\/li>\n<\/ul>\n<strong>Livestock guardian dogs:<br \/>\n<\/strong>The purchase of livestock guardian dogs can be subsidized. Funding is granted after individual review of each case.\n<h4>\n\t\t\tVienna\t<\/h4>\n\t<p>Currently, no livestock protection measures are being subsidized.<\/p>","protected":false},"excerpt":{"rendered":"<p>MIT KOMPETENZ \u00dcbersicht der Bundesl\u00e4nder Burgenland Aktuell werden keine Herdenschutzma\u00dfnahmen gef\u00f6rdert. K\u00e4rnten Aktuell werden keine Herdenschutzma\u00dfnahmen gef\u00f6rdert. Nieder\u00f6sterreich Zaunmaterial: 80% der Netto-Materialkosten f\u00fcr Erneuerung und Aufr\u00fcsten oder Neubau von Z\u00e4unen f\u00fcr Schafe, Ziegen, K\u00e4lber, Pferde, Alpakas und Lamas. N\u00e4here Informationen \u00fcber die Landwirtschaftskammer Nieder\u00f6sterreich, Nutztierhaltung und Weidewirtschaft, Reinhard Gastecker &#8211; reinhard.gastecker@lk-noe.at ; Telefon: 05 0259 &#8230; <a title=\"Prevention - Promotion\" class=\"read-more\" href=\"https:\/\/baer-wolf-luchs.at\/en\/hilfe-bei\/pravention-forderung\/\" aria-label=\"Read more about Pr\u00e4vention -\u00ad F\u00f6rderung\">Read more<\/a><\/p>","protected":false},"author":6,"featured_media":0,"parent":4843,"menu_order":0,"comment_status":"closed","ping_status":"closed","template":"","meta":{"footnotes":""},"class_list":["post-4841","page","type-page","status-publish"],"_links":{"self":[{"href":"https:\/\/baer-wolf-luchs.at\/en\/wp-json\/wp\/v2\/pages\/4841","targetHints":{"allow":["GET"]}}],"collection":[{"href":"https:\/\/baer-wolf-luchs.at\/en\/wp-json\/wp\/v2\/pages"}],"about":[{"href":"https:\/\/baer-wolf-luchs.at\/en\/wp-json\/wp\/v2\/types\/page"}],"author":[{"embeddable":true,"href":"https:\/\/baer-wolf-luchs.at\/en\/wp-json\/wp\/v2\/users\/6"}],"replies":[{"embeddable":true,"href":"https:\/\/baer-wolf-luchs.at\/en\/wp-json\/wp\/v2\/comments?post=4841"}],"version-history":[{"count":4,"href":"https:\/\/baer-wolf-luchs.at\/en\/wp-json\/wp\/v2\/pages\/4841\/revisions"}],"predecessor-version":[{"id":5934,"href":"https:\/\/baer-wolf-luchs.at\/en\/wp-json\/wp\/v2\/pages\/4841\/revisions\/5934"}],"up":[{"embeddable":true,"href":"https:\/\/baer-wolf-luchs.at\/en\/wp-json\/wp\/v2\/pages\/4843"}],"wp:attachment":[{"href":"https:\/\/baer-wolf-luchs.at\/en\/wp-json\/wp\/v2\/media?parent=4841"}],"curies":[{"name":"wp","href":"https:\/\/api.w.org\/{rel}","templated":true}]}}