{"id":4817,"date":"2024-12-11T14:01:47","date_gmt":"2024-12-11T13:01:47","guid":{"rendered":"https:\/\/baer-wolf-luchs.agency-11.com\/?page_id=4817"},"modified":"2026-02-23T14:15:21","modified_gmt":"2026-02-23T13:15:21","slug":"entnahme-beutegreifer","status":"publish","type":"page","link":"https:\/\/baer-wolf-luchs.at\/en\/monitoring\/entnahme-beutegreifer\/","title":{"rendered":"removal of predators"},"content":{"rendered":"<h1  id=\"subpage_title\">\n\t\t\tWITH COMPETENCE\t<\/h1>\n<h3>\n\t\t\twolf\t<\/h3>\n\t<blockquote>In Austria, wolves are removed in accordance with the respective regulations of the federal states.<br \/>\nThe criteria according to which wolves are classified as risk or pest wolves are also included in these.<br \/>\nRegulations established.<\/blockquote>\n\t<h3>Wolves removed in 2026<\/h3>\n<p><strong><em>As of February 2026<\/em><\/strong><\/p>\n\t<table width=\"723\">\n<tbody>\n<tr>\n<td width=\"113\"><strong>Federal State<\/strong><\/td>\n<td width=\"136\"><strong>Identifying genotype<\/strong><\/td>\n<td width=\"139\"><strong>Date of withdrawal<\/strong><\/td>\n<td width=\"192\"><strong>Entnahmeort &#8211; Bezirk\/Gebiet\u00a0<\/strong><\/td>\n<td width=\"72\"><strong>Risk wolf<\/strong><\/td>\n<td width=\"71\"><strong>Harmful wolf<\/strong><\/td>\n<\/tr>\n<tr>\n<td>Carinthia<\/td>\n<td>Result pending<\/td>\n<td>18.01.2026<\/td>\n<td>Hermagor<\/td>\n<td>X<\/td>\n\n<\/tr>\n<tr>\n\n<td>Result pending<\/td>\n<td>18.01.2026<\/td>\n<td>Hermagor<\/td>\n<td>X<\/td>\n\n<\/tr>\n<tr>\n\n<td>Result pending<\/td>\n<td>14.01.2026<\/td>\n<td>Villach-Land<\/td>\n<td>X<\/td>\n\n<\/tr>\n<tr>\n\n<td>Result pending<\/td>\n<td>01.02.2026<\/td>\n<td>Spittal an der Drau<\/td>\n<td>X<\/td>\n\n<\/tr>\n<tr>\n\n<td>Result pending<\/td>\n<td>02.02.2026<\/td>\n<td>Hermagor<\/td>\n<td>X<\/td>\n\n<\/tr>\n<tr>\n\n\n\n\n\n\n<\/tr>\n<tr>\n<td>Tyrol<\/td>\n\n<td>24.01.2026<\/td>\n<td>Landeck<\/td>\n<td>X<\/td>\n\n<\/tr>\n<tr>\n\n\n<td>05.02.2026<\/td>\n<td>Landeck<\/td>\n<td>X<\/td>\n\n<\/tr>\n<tr>\n\n\n\n\n\n\n<\/tr>\n<\/tbody>\n<\/table>\n\t<h3>Wolves removed in 2025<\/h3>\n\t<table width=\"723\">\n<tbody>\n<tr>\n<td width=\"113\"><strong>Federal State<\/strong><\/td>\n<td width=\"136\"><strong>Identifying genotype<\/strong><\/td>\n<td width=\"139\"><strong>Date of withdrawal<\/strong><\/td>\n<td width=\"192\"><strong>Entnahmeort &#8211; Bezirk\/Gebiet\u00a0<\/strong><\/td>\n<td width=\"72\"><strong>Risk wolf<\/strong><\/td>\n<td width=\"71\"><strong>Harmful wolf<\/strong><\/td>\n<\/tr>\n<tr>\n<td>Carinthia<\/td>\n<td>319 FATK<\/td>\n<td>04.01.2025<\/td>\n<td>Hermagor<\/td>\n<td>X<\/td>\n\n<\/tr>\n<tr>\n\n<td>322 MATK<\/td>\n<td>07.01.2025<\/td>\n<td>Hermagor<\/td>\n<td>X<\/td>\n\n<\/tr>\n<tr>\n\n<td>345 MATK<\/td>\n<td>01.05.2025<\/td>\n<td>Villach-Land<\/td>\n<td>X<\/td>\n\n<\/tr>\n<tr>\n\n<td>352 FATK<\/td>\n<td>12.05.2025<\/td>\n<td>Spittal an der Drau<\/td>\n\n<td>X<\/td>\n<\/tr>\n<tr>\n\n<td>357 MATK<\/td>\n<td>19.05.2025<\/td>\n<td>Villach-Land<\/td>\n<td>X<\/td>\n\n<\/tr>\n<tr>\n\n<td>374 MATK<\/td>\n<td>09.08.2025<\/td>\n<td>Hermagor<\/td>\n\n<td>X<\/td>\n<\/tr>\n<tr>\n\n<td>385 MATK<\/td>\n<td>04.09.2025<\/td>\n<td>Spittal an der Drau<\/td>\n\n<td>X<\/td>\n<\/tr>\n<tr>\n\n<td>387 MATK<\/td>\n<td>12.09.2025<\/td>\n<td>Villach-Land<\/td>\n<td>X<\/td>\n\n<\/tr>\n<tr>\n\n<td>156 MATK<\/td>\n<td>29.09.2025<\/td>\n<td>Hermagor<\/td>\n<td>X<\/td>\n\n<\/tr>\n<tr>\n\n<td>Result pending<\/td>\n<td>23.11.2025<\/td>\n<td>Hermagor<\/td>\n<td>X<\/td>\n\n<\/tr>\n<tr>\n\n<td>Result pending<\/td>\n<td>02.12.2025<\/td>\n<td>Hermagor<\/td>\n<td>X<\/td>\n\n<\/tr>\n<tr>\n\n<td>Result pending<\/td>\n<td>07.12.2025<\/td>\n<td>Hermagor<\/td>\n<td>X<\/td>\n\n<\/tr>\n<tr>\n\n<td>Result pending<\/td>\n<td>13.12.2025<\/td>\n<td>Hermagor<\/td>\n<td>X<\/td>\n\n<\/tr>\n<tr>\n\n\n\n\n\n\n<\/tr>\n<tr>\n<td>Lower Austria<\/td>\n<td>400MATK<\/td>\n<td>01.10.2025<\/td>\n<td>Zwettl district<\/td>\n\n\n<\/tr>\n<tr>\n\n<td>In Progress<\/td>\n<td>25.10.2025<\/td>\n<td>Zwettl district<\/td>\n\n\n<\/tr>\n<tr>\n\n\n\n\n\n\n<\/tr>\n<tr>\n<td>Salzburg<\/td>\n<td>368MATK<\/td>\n<td>07.08.2025<\/td>\n<td>botched job<\/td>\n\n<td>X<\/td>\n<\/tr>\n<tr>\n\n\n\n\n\n\n<\/tr>\n<tr>\n<td>Tyrol<\/td>\n<td>330MATK<\/td>\n<td>08.02.2025<\/td>\n<td>Lienz<\/td>\n<td>X<\/td>\n\n<\/tr>\n<tr>\n\n<td>358FATK<\/td>\n<td>05.06.2025<\/td>\n<td>Lienz<\/td>\n<td>X<\/td>\n\n<\/tr>\n<tr>\n\n<td>360MATK<\/td>\n<td>09.07.2025<\/td>\n<td>Imst<\/td>\n\n<td>X<\/td>\n<\/tr>\n<tr>\n\n<td>370MATK<\/td>\n<td>23.07.2025<\/td>\n<td>Lienz<\/td>\n\n<td>X<\/td>\n<\/tr>\n<tr>\n\n<td>378FATK<\/td>\n<td>21.08.2025<\/td>\n<td>Landeck<\/td>\n\n<td>X<\/td>\n<\/tr>\n<tr>\n\n<td>394MATK<\/td>\n<td>30.09.2025<\/td>\n<td>Lienz<\/td>\n\n<td>X<\/td>\n<\/tr>\n<tr>\n\n\n\n\n\n\n<\/tr>\n<\/tbody>\n<\/table>\n\t<h3>Wolves removed in 2024<\/h3>\n\t<table width=\"802\">\n<tbody>\n<tr>\n<td width=\"123\">Federal State<\/td>\n<td width=\"122\">Identifying genotype<\/td>\n<td width=\"139\">Date of withdrawal<\/td>\n<td width=\"200\">Entnahmeort &#8211; Gemeinde\/Gebiet<\/td>\n<td width=\"108\">Risk wolf<\/td>\n<td width=\"110\">Harmful wolf<\/td>\n<\/tr>\n<tr>\n<td>Salzburg<\/td>\n<td>278MATK<\/td>\n<td>06.06.2024<\/td>\n<td>Rauris<\/td>\n\n<td>X<\/td>\n<\/tr>\n<tr>\n<td>Carinthia<\/td>\n<td>264MATK<\/td>\n<td>21.02.2024<\/td>\n<td>Wolfsberg<\/td>\n<td>X<\/td>\n\n<\/tr>\n<tr>\n\n<td>249MATK<\/td>\n<td>03.04.2024<\/td>\n<td>Spittal an der Drau<\/td>\n<td>X<\/td>\n\n<\/tr>\n<tr>\n\n<td>192FATK<\/td>\n<td>09.06.2024<\/td>\n<td>Spittal an der Drau<\/td>\n<td>X<\/td>\n\n<\/tr>\n<tr>\n\n<td>279FATK<\/td>\n<td>12.06.2024<\/td>\n<td>Spittal an der Drau<\/td>\n<td>X<\/td>\n\n<\/tr>\n<tr>\n\n<td>287FATK<\/td>\n<td>12.07.2024<\/td>\n<td>Hermagor<\/td>\n\n<td>X<\/td>\n<\/tr>\n<tr>\n\n<td>307 FATK<\/td>\n<td>30.10.2024<\/td>\n<td>Spittal an der Drau<\/td>\n<td>X<\/td>\n\n<\/tr>\n<tr>\n\n<td>No result yet<\/td>\n<td>08.11.2024<\/td>\n<td>Hermagor<\/td>\n<td>X<\/td>\n\n<\/tr>\n<tr>\n\n<td>305 MATK<\/td>\n<td>16.11.2024<\/td>\n<td>Hermagor<\/td>\n<td>X<\/td>\n\n<\/tr>\n<tr>\n\n<td>306 MATK<\/td>\n<td>08.12.2024<\/td>\n<td>Hermagor<\/td>\n<td>X<\/td>\n\n<\/tr>\n<tr>\n<td>Tyrol<\/td>\n<td>272FATK<\/td>\n<td>03.05.2024<\/td>\n<td>Lienz district<\/td>\n\n<td>X<\/td>\n<\/tr>\n<tr>\n\n<td>300FATK<\/td>\n<td>07.09.2024<\/td>\n<td>Lienz district<\/td>\n\n<td>X<\/td>\n<\/tr>\n<tr>\n<td>Vorarlberg<\/td>\n<td>284MATK<\/td>\n<td>07.08.2024<\/td>\n<td>Bregenz<\/td>\n\n<td>X<\/td>\n<\/tr>\n<tr>\n\n\n\n\n\n\n<\/tr>\n<\/tbody>\n<\/table>\n\t<h3>Wolves removed in 2023<\/h3>\n<table>\n    <thead>\n        <tr>\n            <th>Federal State<\/th>\n            <th>Identifying genotype <\/th>\n            <th>Date of withdrawal <\/th>\n            <th>Entnahmeort &#8211; Gemeinde\/Gebiet <\/th>\n            <th>Risk wolf <\/th>\n            <th>Harmful wolf<\/th>\n        <\/tr>\n    <\/thead>\n    <tbody>\n        <tr>\n            <td>Carinthia<\/td>\n            <td>176MATK<\/td>\n            <td>30.01.2023<\/td>\n            <td>Hermagor district<\/td>\n            <td>X<\/td>\n            \n        <\/tr>\n        <tr>\n            \n            <td>154FATK<\/td>\n            <td>19.03.2023<\/td>\n            <td>Hermagor district<\/td>\n            <td>X<\/td>\n            \n        <\/tr>\n        <tr>\n            \n            <td>210MATK<\/td>\n            <td>29.05.2023<\/td>\n            <td>Feldkirchen district<\/td>\n            <td>X<\/td>\n            \n        <\/tr>\n        <tr>\n            \n            <td>220MATK<\/td>\n            <td>01.06.2023<\/td>\n            <td>Villach-Land district<\/td>\n            <td>X<\/td>\n            \n        <\/tr>\n        <tr>\n            \n            <td>227MATK<\/td>\n            <td>18.07.2023<\/td>\n            <td>Spittal an der Drau district<\/td>\n            <td>X<\/td>\n            \n        <\/tr>\n        <tr>\n            \n            <td>236FATK<\/td>\n            <td>08.10.2023<\/td>\n            <td>Hermagor district<\/td>\n            <td>X<\/td>\n            \n        <\/tr>\n        <tr>\n            \n            <td>257MATK<\/td>\n            <td>06.12.2023<\/td>\n            <td>Villach-Stadt district<\/td>\n            <td>X<\/td>\n            \n        <\/tr>\n        <tr>\n            \n            \n            \n            \n            \n            \n        <\/tr>\n        <tr>\n            <td><strong>Upper Austria<\/strong><\/td>\n            <td>248 FATK<\/td>\n            <td>09.11.2023<\/td>\n            <td>Freistadt district<\/td>\n            <td>X<\/td>\n            \n        <\/tr>\n        <tr>\n            \n            <td>255 MATK<\/td>\n            <td>05.12.2023<\/td>\n            <td>Perg district<\/td>\n            <td>X<\/td>\n            \n        <\/tr>\n        <tr>\n            \n            \n            \n            \n            \n            \n        <\/tr>\n        <tr>\n            <td><strong>Salzburg<\/strong><\/td>\n            <td>215FATK<\/td>\n            <td>08.07.2023<\/td>\n            <td>Steinernes Meer\/Hochk\u00f6nig<\/td>\n            \n            <td>X<\/td>\n        <\/tr>\n        <tr>\n            <td><br \/><\/td>\n            \n            \n            \n            \n            <td><br \/><\/td>\n        <\/tr>\n        <tr>\n            <td><b>Tyrol<\/b><\/td>\n            <td>224MATK<\/td>\n            <td>22.07.2023<\/td>\n            <td>Lienz district<\/td>\n            \n            <td>X<\/td>\n        <\/tr>\n        <tr>\n            \n            <td>239MATK<\/td>\n            <td>28.07.2023<\/td>\n            <td>Innsbruck-Land district<\/td>\n            <td>X<\/td>\n            \n        <\/tr>\n        <tr>\n            \n            <td>214MATK<\/td>\n            <td>15.08.2023<\/td>\n            <td>Lienz district<\/td>\n            \n            <td>X<\/td>\n        <\/tr>\n        <tr>\n            \n            <td>225FATK<\/td>\n            <td>11.10.2023<\/td>\n            <td>Lienz district<\/td>\n            \n            <td>X<\/td>\n        <\/tr>\n    <\/tbody>\n<\/table>","protected":false},"excerpt":{"rendered":"<p>MIT KOMPETENZ Wolf In \u00d6sterreich werden, gem\u00e4\u00df den jeweils g\u00fcltigen Verordnungen der Bundesl\u00e4nder, W\u00f6lfe entnommen. Die Kriterien, nach denen W\u00f6lfe als Risiko- oder Schadw\u00f6lfe eingestuft werden, sind ebenfalls in diesen Verordnungen festgelegt. Entnommene W\u00f6lfe 2026 Stand Februar 2026 Bundesland Kennung-Genotyp Datum der Entnahme Entnahmeort &#8211; Bezirk\/Gebiet\u00a0 Risikowolf Schadwolf K\u00e4rnten Ergebnis ausstehend 18.01.2026 Hermagor X Ergebnis &#8230; <a title=\"removal of predators\" class=\"read-more\" href=\"https:\/\/baer-wolf-luchs.at\/en\/monitoring\/entnahme-beutegreifer\/\" aria-label=\"Read more about Entnahme Beutegreifer\">Read more<\/a><\/p>","protected":false},"author":6,"featured_media":0,"parent":4747,"menu_order":0,"comment_status":"closed","ping_status":"closed","template":"","meta":{"footnotes":""},"class_list":["post-4817","page","type-page","status-publish"],"_links":{"self":[{"href":"https:\/\/baer-wolf-luchs.at\/en\/wp-json\/wp\/v2\/pages\/4817","targetHints":{"allow":["GET"]}}],"collection":[{"href":"https:\/\/baer-wolf-luchs.at\/en\/wp-json\/wp\/v2\/pages"}],"about":[{"href":"https:\/\/baer-wolf-luchs.at\/en\/wp-json\/wp\/v2\/types\/page"}],"author":[{"embeddable":true,"href":"https:\/\/baer-wolf-luchs.at\/en\/wp-json\/wp\/v2\/users\/6"}],"replies":[{"embeddable":true,"href":"https:\/\/baer-wolf-luchs.at\/en\/wp-json\/wp\/v2\/comments?post=4817"}],"version-history":[{"count":4,"href":"https:\/\/baer-wolf-luchs.at\/en\/wp-json\/wp\/v2\/pages\/4817\/revisions"}],"predecessor-version":[{"id":5870,"href":"https:\/\/baer-wolf-luchs.at\/en\/wp-json\/wp\/v2\/pages\/4817\/revisions\/5870"}],"up":[{"embeddable":true,"href":"https:\/\/baer-wolf-luchs.at\/en\/wp-json\/wp\/v2\/pages\/4747"}],"wp:attachment":[{"href":"https:\/\/baer-wolf-luchs.at\/en\/wp-json\/wp\/v2\/media?parent=4817"}],"curies":[{"name":"wp","href":"https:\/\/api.w.org\/{rel}","templated":true}]}}