{"id":4773,"date":"2024-12-11T13:14:16","date_gmt":"2024-12-11T12:14:16","guid":{"rendered":"https:\/\/baer-wolf-luchs.agency-11.com\/?page_id=4773"},"modified":"2026-03-03T14:53:31","modified_gmt":"2026-03-03T13:53:31","slug":"risszahlen","status":"publish","type":"page","link":"https:\/\/baer-wolf-luchs.at\/en\/monitoring\/risszahlen\/","title":{"rendered":"crack numbers"},"content":{"rendered":"<h1  id=\"subpage_title\">\n\t\t\tWITH COMPETENCE\t<\/h1>\n<h3>\n\t\t\tDefinitions\t<\/h3>\n\t<p>A <strong>crack<\/strong> defines a dead animal where a livestock depredation expert has determined that the primary cause of death was an attack by a large predator (the basis for this determination is within his competence as an official expert) and the owner has subsequently been compensated by the federal state for the dead animal.<\/p>\n<p>The definition of a <strong>injured animal<\/strong> The result is that the damage assessor found the animal alive and examined\/sampled it; it is compensated as an injured animal or at least registered as such by the federal state.<\/p>\n<p><strong>Stray\/Missing<\/strong> These are animals that, after a spatial and temporal connection has been established by a livestock damage assessor or the responsible authority, have been compensated by the federal state or at least registered as such.<\/p>\n<p>&nbsp;<\/p>\n\t<h3>Figures on livestock kills in 2026<\/h3>\n<p>The crack figures listed here are not up-to-date. Final figures can only be provided at the beginning of the following year after all compensation claims have been received by the federal states. Whether and how much compensation is paid is regulated in each individual federal state.<\/p>\n<p>Based on information from experts in the individual federal states, the \u00d6Z compiles the crack figures for all of Austria.<\/p>\n<p>No cracking incidents have been reported in 2026.<\/p>\n<strong><em>Status: February 2026<\/em><\/strong><br \/>\n<em>The data source is the respective federal state.<\/em>\n<p>&nbsp;<\/p>\n\t<h3>Figures on livestock kills in 2025<\/h3>\n<h4><strong>Federal States Total<\/strong><\/h4>\n<strong><em>Query: February 2026<\/em><\/strong><br \/>\n<em>The data source is the respective federal states.<\/em>\n\t<table width=\"415\">\n<tbody>\n<tr>\n<td width=\"83\"><strong>predators<\/strong><\/td>\n<td width=\"83\"><strong>Livestock species<\/strong><\/td>\n<td width=\"83\"><strong>killed<\/strong><\/td>\n<td width=\"83\"><strong>injured<\/strong><\/td>\n<td width=\"83\"><strong>missing<\/strong><\/td>\n<\/tr>\n<tr>\n<td>wolf<\/td>\n<td>Sheep\/Goat<\/td>\n<td>454<\/td>\n<td>20<\/td>\n<td>654<\/td>\n<\/tr>\n<tr>\n\n<td>Beef<\/td>\n<td>26<\/td>\n<td>1<\/td>\n<td>0<\/td>\n<\/tr>\n<tr>\n\n<td>Geese<\/td>\n<td>23<\/td>\n<td>0<\/td>\n<td>0<\/td>\n<\/tr>\n<tr>\n\n<td>Enclosed game<\/td>\n<td>2<\/td>\n<td>0<\/td>\n<td>0<\/td>\n<\/tr>\n<tr>\n\n<td>alpaca<\/td>\n<td>1<\/td>\n<td>0<\/td>\n<td>0<\/td>\n<\/tr>\n<tr>\n\n\n\n\n\n<\/tr>\n<tr>\n<td>bear<\/td>\n<td>beehives<\/td>\n<td>5<\/td>\n<td>0<\/td>\n<td>0<\/td>\n<\/tr>\n<tr>\n\n<td>Sheep\/Goat<\/td>\n<td>29<\/td>\n<td>0<\/td>\n<td>123<\/td>\n<\/tr>\n<tr>\n\n<td>Beef<\/td>\n<td>3<\/td>\n<td>0<\/td>\n<td>0<\/td>\n<\/tr>\n<tr>\n\n<td>Horse\/Donkey<\/td>\n<td>4<\/td>\n<td>0<\/td>\n<td>0<\/td>\n<\/tr>\n<tr>\n\n<td>Chicken<\/td>\n<td>3<\/td>\n<td>0<\/td>\n<td>0<\/td>\n<\/tr>\n<tr>\n\n\n\n\n\n<\/tr>\n<tr>\n<td>golden jackal<\/td>\n<td>Sheep\/Goat<\/td>\n<td>16<\/td>\n<td>1<\/td>\n<td>62<\/td>\n<\/tr>\n<tr>\n\n\n\n\n\n<\/tr>\n<tr>\n<td>lynx<\/td>\n<td>Sheep\/Goat<\/td>\n<td>1<\/td>\n<td>0<\/td>\n<td>0<\/td>\n<\/tr>\n<tr>\n\n<td>Enclosed game<\/td>\n<td>3<\/td>\n<td>0<\/td>\n<td>0<\/td>\n<\/tr>\n<tr>\n\n\n\n\n\n<\/tr>\n<tr>\n<td><strong>In total:<\/strong><\/td>\n\n<td><strong>570<\/strong><\/td>\n<td><strong>22<\/strong><\/td>\n<td><strong>839<\/strong><\/td>\n<\/tr>\n<\/tbody>\n<\/table>\n\t<p>Livestock statistics for 2025, sorted by federal state, available for download: <a href=\"https:\/\/baer-wolf-luchs.at\/wp-content\/uploads\/2026\/02\/OeZ_Risszahlen_2025_BLs.pdf\" target=\"_blank\" rel=\"noopener\">OeZ_Risszahlen_2025_Bundesl\u00e4nder<\/a><\/p>\n\t<h3>Figures on livestock kills in 2024<\/h3>\n<h4><strong>Federal States Total<\/strong><\/h4>\n<strong><em>Survey: February 2025<\/em><\/strong><br \/>\n<em>The data source is the respective federal states.<\/em>\n\t<table width=\"423\">\n<tbody>\n<tr>\n<td width=\"83\">predators<\/td>\n<td width=\"91\">Livestock species<\/td>\n<td width=\"83\">killed<\/td>\n<td width=\"83\">injured<\/td>\n<td width=\"83\">missing<\/td>\n<\/tr>\n<tr>\n<td>wolf<\/td>\n<td>Sheep\/Goat<\/td>\n<td>304<\/td>\n<td>13<\/td>\n<td>357<\/td>\n<\/tr>\n<tr>\n\n<td>Beef<\/td>\n<td>25<\/td>\n<td>10<\/td>\n<td>4<\/td>\n<\/tr>\n<tr>\n\n<td>Horse<\/td>\n<td>1<\/td>\n<td>2<\/td>\n<td>0<\/td>\n<\/tr>\n<tr>\n\n<td>Enclosed game<\/td>\n<td>9<\/td>\n<td>0<\/td>\n<td>0<\/td>\n<\/tr>\n<tr>\n\n<td>alpaca<\/td>\n<td>1<\/td>\n<td>0<\/td>\n<td>0<\/td>\n<\/tr>\n<tr>\n\n\n\n\n\n<\/tr>\n<tr>\n<td>bear<\/td>\n<td>beehives<\/td>\n<td>44<\/td>\n\n\n<\/tr>\n<tr>\n\n<td>Sheep\/Goat<\/td>\n<td>12<\/td>\n<td>1<\/td>\n<td>39<\/td>\n<\/tr>\n<tr>\n\n<td>Beef<\/td>\n<td>1<\/td>\n<td>0<\/td>\n<td>0<\/td>\n<\/tr>\n<tr>\n\n<td>Chicken<\/td>\n<td>5<\/td>\n<td>0<\/td>\n<td>0<\/td>\n<\/tr>\n<tr>\n\n\n\n\n\n<\/tr>\n<tr>\n<td>golden jackal<\/td>\n<td>sheep<\/td>\n<td>55<\/td>\n<td>0<\/td>\n<td>16<\/td>\n<\/tr>\n<tr>\n\n\n\n\n\n<\/tr>\n<tr>\n<td>In total:<\/td>\n\n<td>457<\/td>\n<td>26<\/td>\n<td>416<\/td>\n<\/tr>\n<\/tbody>\n<\/table>\n\t<p>Livestock statistics for 2024, sorted by federal state, available for download: <a href=\"https:\/\/baer-wolf-luchs.at\/wp-content\/uploads\/2026\/02\/OeZ_Risszahlen_2024_Bundeslaender.pdf\" target=\"_blank\" rel=\"noopener\">OeZ_Risszahlen_2024_Bundesl\u00e4nder<\/a><\/p>\n\t<h3>Figures on livestock kills in 2023<\/h3>\n<h4><strong>Federal States Total<\/strong><\/h4>\n<strong><em>Survey: February 2024<\/em><\/strong><br \/>\n<em>The data source is the respective federal states.<\/em>\n<table>\n    <thead>\n        <tr>\n            <th><strong>predators<\/strong><\/th>\n            <th><strong>Livestock species<\/strong><\/th>\n            <th><strong>killed<\/strong><\/th>\n            <th>injured <\/th>\n            <th>missing<\/th>\n        <\/tr>\n    <\/thead>\n    <tbody>\n        <tr>\n            <td><strong>wolf<\/strong><\/td>\n            <td>Sheep\/Goat<\/td>\n            <td>460<\/td>\n            <td>27<\/td>\n            <td>607<\/td>\n        <\/tr>\n        <tr>\n            \n            <td>Beef<\/td>\n            <td>20<\/td>\n            <td>0<\/td>\n            <td>4<\/td>\n        <\/tr>\n        <tr>\n            \n            <td>Horse<\/td>\n            <td>2<\/td>\n            <td>3<\/td>\n            <td>0<\/td>\n        <\/tr>\n        <tr>\n            \n            <td>Enclosed game<\/td>\n            <td>5<\/td>\n            <td>0<\/td>\n            <td>0<\/td>\n        <\/tr>\n        <tr>\n            \n            \n            \n            \n            \n        <\/tr>\n        <tr>\n            <td><strong>bear<\/strong><\/td>\n            <td>Sheep\/Goat<\/td>\n            <td>42<\/td>\n            <td>0<\/td>\n            <td>7<\/td>\n        <\/tr>\n        <tr>\n            \n            <td><br \/><\/td>\n            <td><br \/><\/td>\n            <td><br \/><\/td>\n            <td><br \/><\/td>\n        <\/tr>\n        <tr>\n            <td><strong>golden jackal<\/strong><\/td>\n            <td>Sheep\/Goat<\/td>\n            <td>21<\/td>\n            <td>0<\/td>\n            <td>35<\/td>\n        <\/tr>\n        <tr>\n            \n            \n            \n            \n            \n        <\/tr>\n        <tr>\n            <td><strong>In total<\/strong><\/td>\n            <td><br \/><\/td>\n            <td>550<\/td>\n            <td>30<\/td>\n            <td>653<\/td>\n        <\/tr>\n    <\/tbody>\n<\/table>\n\t<p>Livestock statistics for 2023, sorted by federal state, available for download:\u00a0<a href=\"\/wp-content\/uploads\/2024\/12\/OeZ_Risszahlen_2023_Bundeslaender.pdf\" target=\"_blank\" rel=\"noopener\">\u00d6Z_Risszahlen_2023_Bundesl\u00e4nder<\/a><\/p>\n\t<h3>Figures on livestock kills in 2022<\/h3>\n<h4><strong>Federal States Total<\/strong><\/h4>\n<strong><em>Survey: February 2023<\/em><\/strong><br \/>\n<em>The data source is the respective federal states.<\/em>\n<table>\n    <thead>\n        <tr>\n            <th><strong>predators<\/strong><\/th>\n            <th><strong>Livestock species<\/strong><\/th>\n            <th><strong>killed<\/strong><\/th>\n            <th>injured <\/th>\n            <th>missing<\/th>\n        <\/tr>\n    <\/thead>\n    <tbody>\n        <tr>\n            <td><strong>wolf<\/strong><\/td>\n            <td>Sheep\/Goat<\/td>\n            <td>782<\/td>\n            <td>67<\/td>\n            <td>920<\/td>\n        <\/tr>\n        <tr>\n            \n            <td>Beef<\/td>\n            <td>9<\/td>\n            <td>2<\/td>\n            <td>0<\/td>\n        <\/tr>\n        <tr>\n            \n            \n            \n            \n            \n        <\/tr>\n        <tr>\n            <td><strong>bear<\/strong><\/td>\n            <td>Sheep\/Goat<\/td>\n            <td>51<\/td>\n            <td>0<\/td>\n            <td>66<\/td>\n        <\/tr>\n        <tr>\n            \n            <td>Beef<\/td>\n            <td>1<\/td>\n            <td>0<\/td>\n            <td>0<\/td>\n        <\/tr>\n        <tr>\n            <td><br \/><\/td>\n            <td>beehive<\/td>\n            <td>1<\/td>\n            <td>0<\/td>\n            <td>0<\/td>\n        <\/tr>\n        <tr>\n            \n            \n            \n            \n            \n        <\/tr>\n        <tr>\n            <td><b>golden jackal<\/b><\/td>\n            <td>Sheep\/Goat<\/td>\n            <td>13<\/td>\n            <td>1<\/td>\n            <td>10<\/td>\n        <\/tr>\n        <tr>\n            \n            <td>Fallow deer<\/td>\n            <td>4<\/td>\n            <td>0<\/td>\n            <td>0<\/td>\n        <\/tr>\n        <tr>\n            \n            \n            \n            \n            \n        <\/tr>\n        <tr>\n            <td><b>In total<\/b><\/td>\n            \n            <td>861<\/td>\n            <td>70<\/td>\n            <td>996<\/td>\n        <\/tr>\n    <\/tbody>\n<\/table>\n\t<p>Livestock statistics for 2022, sorted by federal state, available for download: <a href=\"\/wp-content\/uploads\/2024\/12\/OeZ_Risszahlen_2022_Bundeslaender-1.pdf\" target=\"_blank\" rel=\"noopener\">\u00d6Z_Risszahlen_2022_Bundesl\u00e4nder<\/a><\/p>\n\t<h3>Maps and information on cracks in individual federal states<\/h3>\n<ul>\n<li><a href=\"https:\/\/www.land-oberoesterreich.gv.at\/wolfsinfo.htm\" target=\"_blank\" rel=\"noopener\">Table of cracking events in Upper Austria<\/a><\/li>\n<li><a href=\"https:\/\/www.salzburg.gv.at\/api5\/datalinq\/report\/vektorwork@wolfsnachsweis@wolfsnachweis?#\" target=\"_blank\" rel=\"noopener\">Wolf sightings in the state of Salzburg<\/a><\/li>\n<li><a href=\"https:\/\/www.tirol.gv.at\/landwirtschaft-forstwirtschaft\/agrar\/rechtliche-bestimmungen-in-der-landwirtschaft\/beutegreifer\/begutachtungen\/\" target=\"_blank\" rel=\"noopener\">Evidence of large predators and assessments of livestock kills in Tyrol (all predators)<\/a><\/li>\n<\/ul>\n\t<h3>Entwicklung der Nutztierverluste durch den Wolf, 2009-2025<\/h3>\n<p>The total losses shown in the graphs (killed, injured and missing\/lost farm animals) are based on monitoring data up to 2016, and on compensation reports from the federal states to the Austrian Centre from 2017 onwards.<\/p>\n<p>When wolf populations are low, individual behavioral differences can become highly pronounced. Individual animals can cause many kills within a limited period of their presence, resulting in significant spikes in the crime rate.<\/p>\n<p>As in other European countries, sheep are by far the most frequent victims of wolf attacks on livestock. Goats are similarly at risk, but are much less commonly found in pastures. These two are discussed together below, as goats are not affected every year and then only in very small numbers. Larger, more defensive grazing animals such as cattle and horses are attacked far less frequently. Young animals are more at risk with the latter two species, but adult cattle have also been killed by a single wolf in Austria.<\/p>\n<figure itemscope itemtype=\"https:\/\/schema.org\/ImageObject\">\n\t\t\t\t<a href=\"https:\/\/baer-wolf-luchs.at\/wp-content\/uploads\/2026\/03\/2025_Nutztierverluste.jpeg\"  target=\"_self\" itemprop=\"url\">\n\t\t\t\t<img decoding=\"async\" src=\"https:\/\/baer-wolf-luchs.at\/wp-content\/uploads\/2026\/03\/2025_Nutztierverluste.jpeg\" alt=\"2025_Nutztierverluste\" height=\"1350\" width=\"2343\" title=\"2025_Livestock losses\" onerror=\"this.style.display='none'\" loading=\"lazy\" \/>\n\t\t\t\t<\/a>\n\t<\/figure>\n<figure itemscope itemtype=\"https:\/\/schema.org\/ImageObject\">\n\t\t\t\t<a href=\"https:\/\/baer-wolf-luchs.at\/wp-content\/uploads\/2026\/03\/2025_Nutztierverluste_BL.jpeg\"  target=\"_self\" itemprop=\"url\">\n\t\t\t\t<img decoding=\"async\" src=\"https:\/\/baer-wolf-luchs.at\/wp-content\/uploads\/2026\/03\/2025_Nutztierverluste_BL.jpeg\" alt=\"2025_Nutztierverluste_BL\" height=\"2250\" width=\"2550\" title=\"2025_Livestock losses_BL\" onerror=\"this.style.display='none'\" loading=\"lazy\" \/>\n\t\t\t\t<\/a>\n\t<\/figure>\n<figure itemscope itemtype=\"https:\/\/schema.org\/ImageObject\">\n\t\t\t\t<a href=\"https:\/\/baer-wolf-luchs.at\/wp-content\/uploads\/2026\/03\/2025_Nutztierverluste_Tierart.jpeg\"  target=\"_self\" itemprop=\"url\">\n\t\t\t\t<img decoding=\"async\" src=\"https:\/\/baer-wolf-luchs.at\/wp-content\/uploads\/2026\/03\/2025_Nutztierverluste_Tierart.jpeg\" alt=\"2025_Nutztierverluste_Tierart\" height=\"2125\" width=\"2212\" title=\"2025_Livestock losses_Animal species\" onerror=\"this.style.display='none'\" loading=\"lazy\" \/>\n\t\t\t\t<\/a>\n\t<\/figure>","protected":false},"excerpt":{"rendered":"<p>MIT KOMPETENZ Definitionen Ein Riss definiert ein totes Tier, bei dem ein Rissbegutachter den Angriff eines gro\u00dfen Beutegreifers als prim\u00e4re Todesursache festgestellt hat (auf welcher Basis liegt in seiner Kompetenz als Amtssachverst\u00e4ndiger) und der Besitzer daraufhin vom Bundesland f\u00fcr das tote Tier entsch\u00e4digt wurde. Die Definition f\u00fcr ein verletztes Tier ist, dass der Rissbegutachter das &#8230; <a title=\"crack numbers\" class=\"read-more\" href=\"https:\/\/baer-wolf-luchs.at\/en\/monitoring\/risszahlen\/\" aria-label=\"Read more about Risszahlen\">Read more<\/a><\/p>","protected":false},"author":6,"featured_media":0,"parent":4747,"menu_order":0,"comment_status":"closed","ping_status":"closed","template":"","meta":{"footnotes":""},"class_list":["post-4773","page","type-page","status-publish"],"_links":{"self":[{"href":"https:\/\/baer-wolf-luchs.at\/en\/wp-json\/wp\/v2\/pages\/4773","targetHints":{"allow":["GET"]}}],"collection":[{"href":"https:\/\/baer-wolf-luchs.at\/en\/wp-json\/wp\/v2\/pages"}],"about":[{"href":"https:\/\/baer-wolf-luchs.at\/en\/wp-json\/wp\/v2\/types\/page"}],"author":[{"embeddable":true,"href":"https:\/\/baer-wolf-luchs.at\/en\/wp-json\/wp\/v2\/users\/6"}],"replies":[{"embeddable":true,"href":"https:\/\/baer-wolf-luchs.at\/en\/wp-json\/wp\/v2\/comments?post=4773"}],"version-history":[{"count":11,"href":"https:\/\/baer-wolf-luchs.at\/en\/wp-json\/wp\/v2\/pages\/4773\/revisions"}],"predecessor-version":[{"id":5884,"href":"https:\/\/baer-wolf-luchs.at\/en\/wp-json\/wp\/v2\/pages\/4773\/revisions\/5884"}],"up":[{"embeddable":true,"href":"https:\/\/baer-wolf-luchs.at\/en\/wp-json\/wp\/v2\/pages\/4747"}],"wp:attachment":[{"href":"https:\/\/baer-wolf-luchs.at\/en\/wp-json\/wp\/v2\/media?parent=4773"}],"curies":[{"name":"wp","href":"https:\/\/api.w.org\/{rel}","templated":true}]}}