{"id":4498,"date":"2024-12-06T14:52:38","date_gmt":"2024-12-06T13:52:38","guid":{"rendered":"https:\/\/baer-wolf-luchs.agency-11.com\/?page_id=4498"},"modified":"2025-04-10T12:15:17","modified_gmt":"2025-04-10T10:15:17","slug":"baer","status":"publish","type":"page","link":"https:\/\/baer-wolf-luchs.at\/en\/beutegreifer\/baer\/","title":{"rendered":"bear"},"content":{"rendered":"<h1>\n\t\tbrown bear\n\t<\/h1>\n<h2>\n\t\t(Ursus arctos)\n\t<\/h2>\n    <a href=\"#features\">\n        <img decoding=\"async\" src=\"\/wp-content\/uploads\/2024\/12\/list.svg\" alt=\"list\"\/>\n        characteristics\n    <\/a>\n    <a href=\"\/en\/verbreitungskarten\/baer-verbreitung\/\">\n        <img decoding=\"async\" src=\"\/wp-content\/uploads\/2024\/12\/map-pin.svg\" alt=\"pin\"\/>\n        B\u00c4R distribution map\n    <\/a>\n    <a href=\"\/en\/#support\">\n        <img decoding=\"async\" src=\"\/wp-content\/uploads\/2024\/12\/shield2.svg\" alt=\"support\"\/>\n        Help\n    <\/a>\n<h3>\n\t\tFEATURES\n\t<\/h3>\n        <h5>stature<\/h5>\n        <h4>Stocky, powerful build, limbs long and strong, front and hind limbs are approximately the same length<\/h4>\n        <h5>body length<\/h5>\n        <h4>100-280 cm<\/h4>\n        <h5>tail length<\/h5>\n        <h4>6-21 cm<\/h4>\n        <h5>shoulder height<\/h5>\n        <h4>90-150 cm<\/h4>\n        <h5>Weight<\/h5>\n        <h4>Males 140-320 kg, females 100-200 kg<\/h4>\n        <h5>life expectancy<\/h5>\n        <h4>20 to 30 years<\/h4>\n        <h5>number of young<\/h5>\n        <h4>Usually 2-3<\/h4>\n        <h5>mating season<\/h5>\n        <h4>Mai &#8211; Juli<\/h4>\n        <h5>Sexual maturity \/ Gestation period \/ Rearing<\/h5>\n        <h4>Geschlechtsreif mit 4 Jahren. Unmittelbar nach der Paarung entwickelt sich der Embryo zun\u00e4chst nicht, die Geburt erfolgt w\u00e4hrend der Winterruhe zwischen Ende Dezember und Anfang Februar. Zeitspanne zwischen Fortpflanzung und Geburt: 180 bis 270 Tage. Tr\u00e4chtigkeit: sechs bis acht Wochen. Aufzucht: Weibchen f\u00fchren ihre Jungen 2 Jahre lang &#8211; starke Besch\u00fctzerfunktion &#8211; deswegen ggf. Aggressiv gegen\u00fcber Eindringlingen (Tier und Mensch).<\/h4>\n        <h5>Characteristic features<\/h5>\n        <h4>It hibernates due to food scarcity.<\/h4>\n        <h5>habitat<\/h5>\n        <h4>Large forests in mountainous regions (Alps, Carpathians)<\/h4>\n        <h5>Nutrition<\/h5>\n        <h4>Omnivorous, predominantly herbivorous<\/h4>\n        <h5>Hunting behavior<\/h5>\n        <h4>He is not a good hunter, therefore he gets his animal protein mainly from carrion.<\/h4>\n        <h5>Territoriality<\/h5>\n        <h4>Non-territorial loners, sociable - therefore high densities are possible<\/h4>\n<h4>\n\t\tHistory of the brown bear in Austria\n\t<\/h4>\n\t<p>The last Austrian bear was killed in Mariazell in 1824. In 1972, after almost 150 years, the bear known as &quot;<strong><b>\u00d6tscherb\u00e4r<\/b><\/strong>&#8220; bekannte B\u00e4r nach \u00d6sterreich ein. Zwischen 1989 und 1993 wurden vom WWF drei weitere B\u00e4ren aus Slowenien und Kroatien in \u00d6sterreich freigelassen. Obwohl sich die Tiere nachweislich fortpflanzten (31 Jungtiere), ist der Bestand seit 2011 wieder erloschen. Zurzeit gibt es keine residente Population von Braunb\u00e4ren in \u00d6sterreich, jedoch gibt es j\u00e4hrlich Nachweise von durchstreifenden Individuen aus Italien oder Slowenien. <a href=\"\/en\/verbreitungskarten\/baer-verbreitung\/\">See link: Bear distribution.<\/a><\/p>","protected":false},"excerpt":{"rendered":"<p>Braunb\u00e4r (Ursus arctos) Merkmale B\u00c4R Verbreitungskarte Hilfe MERKMALE Statur St\u00e4mmiger, kraftvoller K\u00f6rperbau, Gliedma\u00dfen lang und kr\u00e4ftig, Vorder- und Hinterextremit\u00e4ten sind ann\u00e4hernd gleich lang K\u00f6rperl\u00e4nge 100-280 cm Schwanzl\u00e4nge 6-21 cm Schulterh\u00f6he 90-150 cm Gewicht M\u00e4nnchen 140-320 kg, Weibchen 100-200 kg Lebenserwartung 20 bis 30 Jahre Anzahl Junge In der Regel 2-3 Paarungszeit Mai &#8211; Juli Geschlechtsreife &#8230; <a title=\"bear\" class=\"read-more\" href=\"https:\/\/baer-wolf-luchs.at\/en\/beutegreifer\/baer\/\" aria-label=\"Read more about B\u00e4r\">Read more<\/a><\/p>","protected":false},"author":6,"featured_media":0,"parent":4500,"menu_order":0,"comment_status":"closed","ping_status":"closed","template":"","meta":{"footnotes":""},"class_list":["post-4498","page","type-page","status-publish"],"_links":{"self":[{"href":"https:\/\/baer-wolf-luchs.at\/en\/wp-json\/wp\/v2\/pages\/4498","targetHints":{"allow":["GET"]}}],"collection":[{"href":"https:\/\/baer-wolf-luchs.at\/en\/wp-json\/wp\/v2\/pages"}],"about":[{"href":"https:\/\/baer-wolf-luchs.at\/en\/wp-json\/wp\/v2\/types\/page"}],"author":[{"embeddable":true,"href":"https:\/\/baer-wolf-luchs.at\/en\/wp-json\/wp\/v2\/users\/6"}],"replies":[{"embeddable":true,"href":"https:\/\/baer-wolf-luchs.at\/en\/wp-json\/wp\/v2\/comments?post=4498"}],"version-history":[{"count":0,"href":"https:\/\/baer-wolf-luchs.at\/en\/wp-json\/wp\/v2\/pages\/4498\/revisions"}],"up":[{"embeddable":true,"href":"https:\/\/baer-wolf-luchs.at\/en\/wp-json\/wp\/v2\/pages\/4500"}],"wp:attachment":[{"href":"https:\/\/baer-wolf-luchs.at\/en\/wp-json\/wp\/v2\/media?parent=4498"}],"curies":[{"name":"wp","href":"https:\/\/api.w.org\/{rel}","templated":true}]}}