{"id":4425,"date":"2024-12-05T18:35:57","date_gmt":"2024-12-05T17:35:57","guid":{"rendered":"https:\/\/baer-wolf-luchs.agency-11.com\/?page_id=4425"},"modified":"2026-02-10T12:02:34","modified_gmt":"2026-02-10T11:02:34","slug":"baer-verbreitung","status":"publish","type":"page","link":"https:\/\/baer-wolf-luchs.at\/en\/verbreitungskarten\/baer-verbreitung\/","title":{"rendered":"Bear \u2013 Distribution Austria"},"content":{"rendered":"<h1>\n\t\t\tEurasian brown bear distribution\t<\/h1>\n    <a href=\"\/en\/beutegreifer\/baer\/\">\n        <img decoding=\"async\" src=\"\/wp-content\/uploads\/2024\/12\/paw-outline.svg\" alt=\"paw\"\/>\n        BEAR\n    <\/a>\n    <a href=\"\/en\/#support\">\n        <img decoding=\"async\" src=\"\/wp-content\/uploads\/2024\/12\/shield2.svg\" alt=\"support\"\/>\n        Help\n    <\/a>\n<h3>\n\t\t\tEvidence of bears in 2025\t<\/h3>\n\t<p>The brown bear&#039;s range once extended across Northern and Central Europe, Asia, and the Atlas Mountains. In Europe, bears are mainly confined to mountain forests.<\/p>\n<p>There is currently no resident population of brown bears in Austria, but there are annual reports of roaming individuals from Italy or Slovenia.<\/p>\n<p><a href=\"https:\/\/www.lcie.org\/Largecarnivores\/Brownbear.aspx\" target=\"_blank\" rel=\"noopener\">Current distribution map for Europe<\/a><\/p>\n<figure itemscope itemtype=\"https:\/\/schema.org\/ImageObject\">\n\t\t\t\t<a href=\"https:\/\/baer-wolf-luchs.at\/wp-content\/uploads\/2026\/02\/Karte_Baer_31.10.2025-scaled.jpg\"  target=\"_self\" itemprop=\"url\">\n\t\t\t\t<img decoding=\"async\" src=\"https:\/\/baer-wolf-luchs.at\/wp-content\/uploads\/2026\/02\/Karte_Baer_31.10.2025-scaled.jpg\" alt=\"Karte_B\u00e4r_31.10.2025\" height=\"1810\" width=\"2560\" title=\"Card_Bear_31.10.2025\" onerror=\"this.style.display='none'\" loading=\"lazy\" \/>\n\t\t\t\t<\/a>\n\t<\/figure>\n<a href=\"https:\/\/baer-wolf-luchs.at\/wp-content\/uploads\/2026\/02\/Karte_Baer_31.10.2025.pdf\">Download as pdf<\/a>\n<h3>\n\t\t\tOlder cards about the bear\t<\/h3>\n<figure itemscope itemtype=\"https:\/\/schema.org\/ImageObject\">\n\t\t\t\t<a href=\"https:\/\/baer-wolf-luchs.at\/wp-content\/uploads\/2026\/02\/Genotypkarte_Baer_2024-scaled.jpeg\"  target=\"_self\" itemprop=\"url\">\n\t\t\t\t<img decoding=\"async\" src=\"https:\/\/baer-wolf-luchs.at\/wp-content\/uploads\/2026\/02\/Genotypkarte_Baer_2024-scaled.jpeg\" alt=\"Genotypkarte_B\u00e4r_2024\" height=\"1810\" width=\"2560\" title=\"Genotype map_Bear_2024\" onerror=\"this.style.display='none'\" loading=\"lazy\" \/>\n\t\t\t\t<\/a>\n\t<\/figure>\n<figure itemscope itemtype=\"https:\/\/schema.org\/ImageObject\">\n\t\t\t\t<a href=\"https:\/\/baer-wolf-luchs.at\/wp-content\/uploads\/2024\/12\/oez_hinweiskarte_baer_2023_12_31-1024x724-1.jpg\"  target=\"_self\" itemprop=\"url\">\n\t\t\t\t<img decoding=\"async\" src=\"https:\/\/baer-wolf-luchs.at\/wp-content\/uploads\/2024\/12\/oez_hinweiskarte_baer_2023_12_31-1024x724-1.jpg\" alt=\"oez_hinweiskarte_baer_2023_12_31-1024x724\" height=\"724\" width=\"1024\" title=\"oez_hinweiskarte_baer_2023_12_31-1024x724\" onerror=\"this.style.display='none'\" loading=\"lazy\" \/>\n\t\t\t\t<\/a>\n\t<\/figure>\n<figure itemscope itemtype=\"https:\/\/schema.org\/ImageObject\">\n\t\t\t\t<a href=\"https:\/\/baer-wolf-luchs.at\/wp-content\/uploads\/2024\/12\/oez_baeren_aktuell-1024x724-1.jpg\"  target=\"_self\" itemprop=\"url\">\n\t\t\t\t<img decoding=\"async\" src=\"https:\/\/baer-wolf-luchs.at\/wp-content\/uploads\/2024\/12\/oez_baeren_aktuell-1024x724-1.jpg\" alt=\"oez_baeren_aktuell-1024x724\" height=\"724\" width=\"1024\" title=\"oez_baeren_aktuell-1024x724\" onerror=\"this.style.display='none'\" loading=\"lazy\" \/>\n\t\t\t\t<\/a>\n\t<\/figure>","protected":false},"excerpt":{"rendered":"<p>Eurasischer Braunb\u00e4r Verbreitung B\u00c4R Hilfe Hinweise auf B\u00e4ren 2025 Die Verbreitung des Braunb\u00e4ren erstreckte sich einst \u00fcber ganz Nord- und Mitteleuropa, Asien sowie das Atlasgebirge. In Europa beschr\u00e4nken sich B\u00e4ren haupts\u00e4chlich auf Bergw\u00e4lder. Zurzeit gibt es keine residente Population von Braunb\u00e4ren in \u00d6sterreich, jedoch gibt es j\u00e4hrlich Nachweise von durchstreifenden Individuen aus Italien oder Slowenien. &#8230; <a title=\"Bear \u2013 Distribution Austria\" class=\"read-more\" href=\"https:\/\/baer-wolf-luchs.at\/en\/verbreitungskarten\/baer-verbreitung\/\" aria-label=\"Read more about B\u00e4r \u2013 Verbreitung \u00d6sterreich\">Read more<\/a><\/p>","protected":false},"author":6,"featured_media":0,"parent":4427,"menu_order":0,"comment_status":"closed","ping_status":"closed","template":"","meta":{"footnotes":""},"class_list":["post-4425","page","type-page","status-publish"],"_links":{"self":[{"href":"https:\/\/baer-wolf-luchs.at\/en\/wp-json\/wp\/v2\/pages\/4425","targetHints":{"allow":["GET"]}}],"collection":[{"href":"https:\/\/baer-wolf-luchs.at\/en\/wp-json\/wp\/v2\/pages"}],"about":[{"href":"https:\/\/baer-wolf-luchs.at\/en\/wp-json\/wp\/v2\/types\/page"}],"author":[{"embeddable":true,"href":"https:\/\/baer-wolf-luchs.at\/en\/wp-json\/wp\/v2\/users\/6"}],"replies":[{"embeddable":true,"href":"https:\/\/baer-wolf-luchs.at\/en\/wp-json\/wp\/v2\/comments?post=4425"}],"version-history":[{"count":4,"href":"https:\/\/baer-wolf-luchs.at\/en\/wp-json\/wp\/v2\/pages\/4425\/revisions"}],"predecessor-version":[{"id":5862,"href":"https:\/\/baer-wolf-luchs.at\/en\/wp-json\/wp\/v2\/pages\/4425\/revisions\/5862"}],"up":[{"embeddable":true,"href":"https:\/\/baer-wolf-luchs.at\/en\/wp-json\/wp\/v2\/pages\/4427"}],"wp:attachment":[{"href":"https:\/\/baer-wolf-luchs.at\/en\/wp-json\/wp\/v2\/media?parent=4425"}],"curies":[{"name":"wp","href":"https:\/\/api.w.org\/{rel}","templated":true}]}}